{"id":3147,"date":"2017-07-14T10:08:50","date_gmt":"2017-07-14T10:08:50","guid":{"rendered":"http:\/\/www.crewlink.ie\/taxe\/"},"modified":"2017-07-14T10:08:51","modified_gmt":"2017-07-14T10:08:51","slug":"taxe","status":"publish","type":"page","link":"https:\/\/www.crewlink.ie\/ro\/taxe\/","title":{"rendered":"Taxe"},"content":{"rendered":"<p>[et_pb_section admin_label=&#8221;section&#8221; background_image=&#8221;https:\/\/www.crewlink.ie\/wp-content\/uploads\/2017\/01\/ryanair-aircraft-2-copy-1.png&#8221; transparent_background=&#8221;on&#8221; allow_player_pause=&#8221;off&#8221; inner_shadow=&#8221;off&#8221; parallax=&#8221;off&#8221; parallax_method=&#8221;off&#8221; custom_padding=&#8221;50px|||90px&#8221; make_fullwidth=&#8221;off&#8221; use_custom_width=&#8221;off&#8221; width_unit=&#8221;on&#8221; make_equal=&#8221;off&#8221; use_custom_gutter=&#8221;off&#8221; fullwidth=&#8221;off&#8221; specialty=&#8221;off&#8221; custom_padding_last_edited=&#8221;on|tablet&#8221; disabled=&#8221;off&#8221; custom_padding_tablet=&#8221;50px|||0px&#8221; module_id=&#8221;page-hero&#8221;][et_pb_row admin_label=&#8221;row&#8221; make_fullwidth=&#8221;off&#8221; use_custom_width=&#8221;off&#8221; width_unit=&#8221;off&#8221; use_custom_gutter=&#8221;off&#8221; allow_player_pause=&#8221;off&#8221; parallax=&#8221;off&#8221; parallax_method=&#8221;on&#8221; make_equal=&#8221;off&#8221; parallax_1=&#8221;off&#8221; parallax_method_1=&#8221;on&#8221; parallax_2=&#8221;off&#8221; parallax_method_2=&#8221;on&#8221; parallax_3=&#8221;off&#8221; parallax_method_3=&#8221;on&#8221; parallax_4=&#8221;off&#8221; parallax_method_4=&#8221;on&#8221; disabled=&#8221;off&#8221;][et_pb_column type=&#8221;4_4&#8243;][et_pb_text admin_label=&#8221;Text&#8221; background_layout=&#8221;dark&#8221; text_orientation=&#8221;left&#8221; use_border_color=&#8221;off&#8221; border_style=&#8221;solid&#8221; custom_padding=&#8221;150px||40px|&#8221; disabled=&#8221;off&#8221; border_color=&#8221;#ffffff&#8221; header_text_color=&#8221;#ffffff&#8221;]<\/p>\n<p>[\/et_pb_text][\/et_pb_column][\/et_pb_row][\/et_pb_section][et_pb_section admin_label=&#8221;Section&#8221; fullwidth=&#8221;off&#8221; specialty=&#8221;off&#8221; transparent_background=&#8221;off&#8221; allow_player_pause=&#8221;off&#8221; inner_shadow=&#8221;off&#8221; parallax=&#8221;off&#8221; parallax_method=&#8221;off&#8221; custom_padding=&#8221;20px|100px||100px&#8221; make_fullwidth=&#8221;off&#8221; use_custom_width=&#8221;off&#8221; width_unit=&#8221;on&#8221; make_equal=&#8221;off&#8221; use_custom_gutter=&#8221;off&#8221; custom_padding_tablet=&#8221;20px|||0px&#8221; custom_padding_last_edited=&#8221;on|desktop&#8221;][et_pb_row admin_label=&#8221;row&#8221; make_fullwidth=&#8221;off&#8221; use_custom_width=&#8221;off&#8221; width_unit=&#8221;off&#8221; use_custom_gutter=&#8221;off&#8221; allow_player_pause=&#8221;off&#8221; parallax=&#8221;off&#8221; parallax_method=&#8221;on&#8221; make_equal=&#8221;off&#8221; parallax_1=&#8221;off&#8221; parallax_method_1=&#8221;on&#8221; parallax_2=&#8221;off&#8221; parallax_method_2=&#8221;on&#8221; parallax_3=&#8221;off&#8221; parallax_method_3=&#8221;on&#8221; parallax_4=&#8221;off&#8221; parallax_method_4=&#8221;on&#8221; disabled=&#8221;off&#8221;][et_pb_column type=&#8221;4_4&#8243;][et_pb_text admin_label=&#8221;Title &#8211; FEES&#8221; background_layout=&#8221;dark&#8221; text_orientation=&#8221;left&#8221; use_border_color=&#8221;off&#8221; border_style=&#8221;solid&#8221; disabled=&#8221;off&#8221; border_color=&#8221;#ffffff&#8221; header_text_color=&#8221;#003366&#8243;]<\/p>\n<h1><strong>TAXE<\/strong><\/h1>\n<p>[\/et_pb_text][\/et_pb_column][\/et_pb_row][et_pb_row admin_label=&#8221;Row&#8221;][et_pb_column type=&#8221;2_3&#8243;][et_pb_text admin_label=&#8221;Content&#8221; background_layout=&#8221;light&#8221; text_orientation=&#8221;left&#8221; use_border_color=&#8221;off&#8221; border_color=&#8221;#ffffff&#8221; border_style=&#8221;solid&#8221; header_text_color=&#8221;#003366&#8243;]<\/p>\n<h1><\/h1>\n<p>Crewlink opereaz\u0103 o structur\u0103 foarte simpl\u0103 \u0219i facil\u0103 de taxe care s\u0103 v\u0103 ajute \u00een drumul dvs. spre o carier\u0103 \u00een avia\u021bie:<strong>\u00a0<\/strong><\/p>\n<p>P\u00e2n\u0103 ce nu finaliza\u021bi interviurile \u0219i v\u0103 hot\u0103r\u00e2\u021bi s\u0103 urma\u021bi cursul de preg\u0103tire de la HTC nu se percep\u00a0<strong>NICIUN FEL DE TAXE\u00a0<\/strong>.<\/p>\n<p>&nbsp;<\/p>\n<h4 style=\"text-align: center;\"><strong>Ave\u021bi 2 op\u021biuni de plat\u0103:<\/strong><\/h4>\n<div class=\"page_content\">\n<h2><\/h2>\n<p>Crewlink operates a very simple and easy fee structure to help you on your way to a Flying Career:<\/p>\n<p><strong><span style=\"color: #003366;\">NO FEES<\/span>\u00a0<\/strong>are charged until you have completed the interviews and you decide to undertake the training course at the HTC.<\/p>\n<h4 style=\"text-align: center;\"><span style=\"color: #003366;\"><strong>You have 2 Payment Options:<\/strong><\/span><\/h4>\n<\/div>\n<p>&nbsp;[\/et_pb_text][et_pb_text admin_label=&#8221;Content option 1&#8243; background_layout=&#8221;light&#8221; text_orientation=&#8221;left&#8221; use_border_color=&#8221;off&#8221; border_color=&#8221;#ffffff&#8221; border_style=&#8221;solid&#8221; text_font_size=&#8221;16&#8243;]<\/p>\n<h4><strong>Op\u021biunea 1<\/strong><\/h4>\n<ul>\n<li>\u201ePlata prin deducere\u201d \u2013 Taxa de \u00eenscriere de<strong>500 EUR<\/strong><strong>\u00a0<\/strong>pentru confirmarea locului la cursul de preg\u0103tire, taxa de curs de\u00a0<strong>999 EUR<\/strong><strong>\u00a0<\/strong>vor fi deduse din salariu.\u00a0Costul caz\u0103rii \u00een valoare de\u00a0<strong>700 EUR<\/strong><strong>\u00a0<\/strong>trebuie achitat cu 3 s\u0103pt\u0103m\u00e2ni \u00eenainte de \u00eenceperea cursului.<\/li>\n<\/ul>\n<p>&nbsp;<\/p>\n<h4><strong>SAU<\/strong><\/h4>\n<h4><strong>Op\u021biunea 2<\/strong><\/h4>\n<ul>\n<li>\u201ePlata \u00een avans\u201d \u2013\u00a0Taxa de \u00eenscriere de<strong>500 EUR\u00a0<\/strong>pentru confirmarea locului la cursul de preg\u0103tire, taxa redus\u0103 de curs de\u00a0<strong>399 EUR<\/strong><strong>\u00a0<\/strong>plus costul caz\u0103rii de\u00a0<strong>700 EUR<\/strong>\u00a0trebuie achitate cu 3 s\u0103pt\u0103m\u00e2ni \u00eenainte de \u00eenceperea cursului.<\/li>\n<\/ul>\n<p>&nbsp;<\/p>\n<p><strong>Pentru confirmarea locului, trebuie s\u0103 achita\u021bi o tax\u0103 de \u00eenscriere, nereturnabil\u0103, \u00een cuantum de 500 EUR, care include:<\/strong><\/p>\n<ul>\n<li>Manuale, procesare datelor de identitate, materiale (f\u0103r\u0103 mese).<\/li>\n<li>Taxa de \u00eenscriere <strong>nu se returneaz\u0103<\/strong>\u00a0pentru a ne asigura c\u0103 cei care urmeaz\u0103 cursul de preg\u0103tire se dedic\u0103 pe deplin acestuia.<\/li>\n<li>Dac\u0103 PICA\u021aI, nu mai pl\u0103ti\u021bi alte taxe de curs. Taxele de curs achitate vor fi<\/li>\n<li>Dac\u0103 TRECE\u021aI, nu mai exist\u0103 niciun fel de alte taxe suplimentare, odat\u0103 ce taxa de curs a fost achitat\u0103 integral.<\/li>\n<\/ul>\n<p>[\/et_pb_text][et_pb_text admin_label=&#8221;Text&#8221; background_layout=&#8221;light&#8221; text_orientation=&#8221;left&#8221; use_border_color=&#8221;off&#8221; border_color=&#8221;#ffffff&#8221; border_style=&#8221;solid&#8221; text_font_size=&#8221;16&#8243;]<\/p>\n<p>[\/et_pb_text][\/et_pb_column][et_pb_column type=&#8221;1_3&#8243;][et_pb_cta admin_label=&#8221;Right hand button 1&#8243; title=&#8221;RECRUITMENT DAYS&#8221; url_new_window=&#8221;off&#8221; use_background_color=&#8221;on&#8221; background_color=&#8221;#00adee&#8221; background_layout=&#8221;dark&#8221; text_orientation=&#8221;left&#8221; header_font=&#8221;Montserrat||||&#8221; header_font_size=&#8221;20px&#8221; use_border_color=&#8221;off&#8221; border_color=&#8221;#ffffff&#8221; border_style=&#8221;solid&#8221; custom_padding_tablet=&#8221;0px|||&#8221; custom_padding_last_edited=&#8221;off|desktop&#8221; custom_button=&#8221;off&#8221; button_border_width=&#8221;0&#8243; button_letter_spacing=&#8221;0&#8243; button_use_icon=&#8221;default&#8221; button_icon_placement=&#8221;right&#8221; button_on_hover=&#8221;on&#8221; button_letter_spacing_hover=&#8221;0&#8243; module_class=&#8221;rf_sidebar_button&#8221;]<a href=\"https:\/\/www.crewlink.ie\/ro\/zile-de-recrutare\/\">RECRUITMENT DAYS<\/a>[\/et_pb_cta][et_pb_cta admin_label=&#8221;Right hand button 2&#8243; title=&#8221;APPLY NOW&#8221; url_new_window=&#8221;off&#8221; use_background_color=&#8221;on&#8221; background_color=&#8221;#00adee&#8221; background_layout=&#8221;dark&#8221; text_orientation=&#8221;left&#8221; header_font=&#8221;Montserrat||||&#8221; header_font_size=&#8221;20px&#8221; use_border_color=&#8221;off&#8221; border_color=&#8221;#ffffff&#8221; border_style=&#8221;solid&#8221; custom_button=&#8221;off&#8221; button_border_width=&#8221;0&#8243; button_letter_spacing=&#8221;0&#8243; button_use_icon=&#8221;default&#8221; button_icon_placement=&#8221;right&#8221; button_on_hover=&#8221;on&#8221; button_letter_spacing_hover=&#8221;0&#8243; module_class=&#8221;rf_sidebar_button&#8221;]<a href=\"https:\/\/www.crewlink.ie\/ro\/aplica-acum\/\">APPLY NOW<\/a>[\/et_pb_cta][\/et_pb_column][\/et_pb_row][\/et_pb_section]<\/p>\n","protected":false},"excerpt":{"rendered":"<p>TAXE Crewlink opereaz\u0103 o structur\u0103 foarte simpl\u0103 \u0219i facil\u0103 de taxe care s\u0103 v\u0103 ajute \u00een drumul dvs. spre o carier\u0103 \u00een avia\u021bie:\u00a0 P\u00e2n\u0103 ce nu finaliza\u021bi interviurile \u0219i v\u0103 hot\u0103r\u00e2\u021bi s\u0103 urma\u021bi cursul de preg\u0103tire de la HTC nu se percep\u00a0NICIUN FEL DE TAXE\u00a0. &nbsp; Ave\u021bi 2 op\u021biuni de plat\u0103: Crewlink operates a very [&hellip;]<\/p>\n","protected":false},"author":1,"featured_media":0,"parent":0,"menu_order":0,"comment_status":"closed","ping_status":"closed","template":"","meta":{"_acf_changed":false,"_et_pb_use_builder":"on","_et_pb_old_content":"","_et_gb_content_width":"","footnotes":""},"class_list":["post-3147","page","type-page","status-publish","hentry"],"acf":[],"_links":{"self":[{"href":"https:\/\/www.crewlink.ie\/ro\/wp-json\/wp\/v2\/pages\/3147","targetHints":{"allow":["GET"]}}],"collection":[{"href":"https:\/\/www.crewlink.ie\/ro\/wp-json\/wp\/v2\/pages"}],"about":[{"href":"https:\/\/www.crewlink.ie\/ro\/wp-json\/wp\/v2\/types\/page"}],"author":[{"embeddable":true,"href":"https:\/\/www.crewlink.ie\/ro\/wp-json\/wp\/v2\/users\/1"}],"replies":[{"embeddable":true,"href":"https:\/\/www.crewlink.ie\/ro\/wp-json\/wp\/v2\/comments?post=3147"}],"version-history":[{"count":0,"href":"https:\/\/www.crewlink.ie\/ro\/wp-json\/wp\/v2\/pages\/3147\/revisions"}],"wp:attachment":[{"href":"https:\/\/www.crewlink.ie\/ro\/wp-json\/wp\/v2\/media?parent=3147"}],"curies":[{"name":"wp","href":"https:\/\/api.w.org\/{rel}","templated":true}]}}