{"id":3079,"date":"2017-06-30T09:00:18","date_gmt":"2017-06-30T09:00:18","guid":{"rendered":"http:\/\/www.crewlink.ie\/precizari-legale\/"},"modified":"2017-06-30T09:00:34","modified_gmt":"2017-06-30T09:00:34","slug":"precizari-legale","status":"publish","type":"page","link":"https:\/\/www.crewlink.ie\/ro\/precizari-legale\/","title":{"rendered":"PRECIZ\u0102RI LEGALE"},"content":{"rendered":"<p>[et_pb_section admin_label=&#8221;section&#8221; background_image=&#8221;https:\/\/www.crewlink.ie\/wp-content\/uploads\/2017\/02\/banner.png&#8221; transparent_background=&#8221;off&#8221; allow_player_pause=&#8221;off&#8221; inner_shadow=&#8221;off&#8221; parallax=&#8221;off&#8221; parallax_method=&#8221;off&#8221; make_fullwidth=&#8221;off&#8221; use_custom_width=&#8221;off&#8221; width_unit=&#8221;on&#8221; make_equal=&#8221;off&#8221; use_custom_gutter=&#8221;off&#8221; custom_padding=&#8221;50px|||100px&#8221; custom_padding_tablet=&#8221;0px|||0px&#8221; custom_padding_last_edited=&#8221;on|tablet&#8221; module_id=&#8221;page-hero&#8221;][et_pb_row admin_label=&#8221;row&#8221;][et_pb_column type=&#8221;4_4&#8243;][et_pb_text admin_label=&#8221;Text&#8221; background_layout=&#8221;dark&#8221; text_orientation=&#8221;left&#8221; use_border_color=&#8221;off&#8221; border_color=&#8221;#ffffff&#8221; border_style=&#8221;solid&#8221; custom_padding=&#8221;150px|||&#8221; header_text_color=&#8221;#ffffff&#8221;] [\/et_pb_text][\/et_pb_column][\/et_pb_row][\/et_pb_section][et_pb_section admin_label=&#8221;section&#8221; transparent_background=&#8221;off&#8221; allow_player_pause=&#8221;off&#8221; inner_shadow=&#8221;off&#8221; parallax=&#8221;off&#8221; parallax_method=&#8221;off&#8221; custom_padding=&#8221;|100px||100px&#8221; custom_padding_tablet=&#8221;|0px||0px&#8221; custom_padding_last_edited=&#8221;on|desktop&#8221; make_fullwidth=&#8221;off&#8221; use_custom_width=&#8221;off&#8221; width_unit=&#8221;on&#8221; make_equal=&#8221;off&#8221; use_custom_gutter=&#8221;off&#8221;][et_pb_row admin_label=&#8221;row&#8221; make_fullwidth=&#8221;off&#8221; use_custom_width=&#8221;off&#8221; width_unit=&#8221;on&#8221; use_custom_gutter=&#8221;off&#8221; custom_padding=&#8221;40px|||&#8221; allow_player_pause=&#8221;off&#8221; parallax=&#8221;off&#8221; parallax_method=&#8221;off&#8221; make_equal=&#8221;off&#8221; parallax_1=&#8221;off&#8221; parallax_method_1=&#8221;off&#8221;][et_pb_column type=&#8221;4_4&#8243;][et_pb_text admin_label=&#8221;Content disclaimer&#8221; background_layout=&#8221;light&#8221; text_orientation=&#8221;left&#8221; use_border_color=&#8221;off&#8221; border_color=&#8221;#ffffff&#8221; border_style=&#8221;solid&#8221; text_font_size=&#8221;16&#8243;]<\/p>\n<h1><strong>PRECIZ\u0102RI LEGALE<\/strong><\/h1>\n<p>Informa\u021biile cuprinse \u00een cadrul acestui site au doar scop informative.\u00a0Informa\u021biile sunt furnizate de Crewlink Ireland Limited \u0219i de\u0219i depunem toate eforturile pentru ca informa\u021biile s\u0103 fie actualizate \u0219i corecte, nu d\u0103m nicio declara\u021bie sau garan\u021bie de niciun fel, expres\u0103 sau implicit\u0103, cu privire la deplin\u0103tatea, exactitatea, fiabilitatea, adecvarea sau disponibilitatea cu privire la site sau la informa\u021biile, produsele, serviciile sau elementele grafice conexe con\u021binute de site \u00een niciun scop. Prin urmare, \u00eencrederea acordat\u0103 unor astfel de informa\u021bii se face strict pe propriul dvs. risc.<\/p>\n<p>&nbsp;<\/p>\n<p>Informa\u021biile \u0219i imaginile incluse \u00een cadrul acestui site sunt protejate prin drepturi de autor ale Crewlink Ireland Limited. Este interzis\u0103 folosirea site-ului \u00een scopuri ilegale \u0219i \u00een special v\u0103 angaja\u021bi s\u0103 nu trimite\u021bi, s\u0103 folosi\u021bi, s\u0103 copia\u021bi, s\u0103 posta\u021bi sau s\u0103 permite\u021bi post\u0103ri care sunt def\u0103im\u0103toare sau obscene \u00een sensul Legii privind publica\u0163iile obscene sau care sunt abuzive, indecente sau care \u00eencalc\u0103 confiden\u021bialitatea unei persoane. V\u0103 angaja\u021bi s\u0103 nu trimite\u021bi materiale promo\u021bionale sau publicitare nesolicitate, spam sau materiale similare sau mesaje de volum care ar putea interfera cu func\u021bionarea acestui site sau cu utilizarea acestui site de c\u0103tre al\u021bi vizitatori.<\/p>\n<p>&nbsp;<\/p>\n<p>Crewlink Ireland Limited \u00ee\u0219i rezerv\u0103 dreptul ca, \u00een orice moment \u0219i f\u0103r\u0103 notificare, s\u0103 \u00eembun\u0103t\u0103\u021beasc\u0103, s\u0103 modifice, s\u0103 schimbe, s\u0103 suspende sau s\u0103 \u00eentrerup\u0103 definitiv toate sau orice parte a acestui site \u0219i s\u0103 restric\u021bioneze sau s\u0103 interzic\u0103 accesul la acesta.<\/p>\n<p>&nbsp;<\/p>\n<p>Prin prezenta v\u0103 angaja\u021bi s\u0103 desp\u0103gubi\u021bi Crewlink Ireland Limited cu privire la orice costuri, cereri de desp\u0103gubire, pierderi \u0219i daune (inclusiv taxe juridice) suportate sau acordate \u00eempotriva Crewlink Ireland Limited ca urmare a utiliz\u0103rii abuzive a acestui site sau a \u00eenc\u0103lc\u0103rii acestor termeni.[\/et_pb_text][et_pb_text admin_label=&#8221;Text&#8221; background_layout=&#8221;light&#8221; text_orientation=&#8221;center&#8221; header_text_color=&#8221;#003366&#8243; text_text_color=&#8221;#003366&#8243; use_border_color=&#8221;off&#8221; border_color=&#8221;#ffffff&#8221; border_style=&#8221;solid&#8221;]<\/p>\n<div class=\"col-xs-12 col-sm-8\">\n<div id=\"left\">\n<h1 class=\"motto\"><strong><em>&#8216;Careers Take Off with Crewlink&#8217;<\/em><\/strong><\/h1>\n<\/div>\n<\/div>\n<div class=\"col-xs-12 col-sm-4\"><\/div>\n<p>[\/et_pb_text][\/et_pb_column][\/et_pb_row][\/et_pb_section]<\/p>\n","protected":false},"excerpt":{"rendered":"<p>PRECIZ\u0102RI LEGALE Informa\u021biile cuprinse \u00een cadrul acestui site au doar scop informative.\u00a0Informa\u021biile sunt furnizate de Crewlink Ireland Limited \u0219i de\u0219i depunem toate eforturile pentru ca informa\u021biile s\u0103 fie actualizate \u0219i corecte, nu d\u0103m nicio declara\u021bie sau garan\u021bie de niciun fel, expres\u0103 sau implicit\u0103, cu privire la deplin\u0103tatea, exactitatea, fiabilitatea, adecvarea sau disponibilitatea cu privire la [&hellip;]<\/p>\n","protected":false},"author":1,"featured_media":0,"parent":0,"menu_order":0,"comment_status":"closed","ping_status":"closed","template":"","meta":{"_acf_changed":false,"_et_pb_use_builder":"on","_et_pb_old_content":"","_et_gb_content_width":"","footnotes":""},"class_list":["post-3079","page","type-page","status-publish","hentry"],"acf":[],"_links":{"self":[{"href":"https:\/\/www.crewlink.ie\/ro\/wp-json\/wp\/v2\/pages\/3079","targetHints":{"allow":["GET"]}}],"collection":[{"href":"https:\/\/www.crewlink.ie\/ro\/wp-json\/wp\/v2\/pages"}],"about":[{"href":"https:\/\/www.crewlink.ie\/ro\/wp-json\/wp\/v2\/types\/page"}],"author":[{"embeddable":true,"href":"https:\/\/www.crewlink.ie\/ro\/wp-json\/wp\/v2\/users\/1"}],"replies":[{"embeddable":true,"href":"https:\/\/www.crewlink.ie\/ro\/wp-json\/wp\/v2\/comments?post=3079"}],"version-history":[{"count":0,"href":"https:\/\/www.crewlink.ie\/ro\/wp-json\/wp\/v2\/pages\/3079\/revisions"}],"wp:attachment":[{"href":"https:\/\/www.crewlink.ie\/ro\/wp-json\/wp\/v2\/media?parent=3079"}],"curies":[{"name":"wp","href":"https:\/\/api.w.org\/{rel}","templated":true}]}}