{"id":3075,"date":"2017-06-30T08:56:00","date_gmt":"2017-06-30T08:56:00","guid":{"rendered":"http:\/\/www.crewlink.ie\/harta-site\/"},"modified":"2017-06-30T08:56:33","modified_gmt":"2017-06-30T08:56:33","slug":"harta-site","status":"publish","type":"page","link":"https:\/\/www.crewlink.ie\/ro\/harta-site\/","title":{"rendered":"HART\u0102 SITE"},"content":{"rendered":"<p>[et_pb_section admin_label=&#8221;section&#8221; background_image=&#8221;https:\/\/www.crewlink.ie\/wp-content\/uploads\/2017\/01\/take.jpg&#8221; transparent_background=&#8221;off&#8221; allow_player_pause=&#8221;off&#8221; inner_shadow=&#8221;off&#8221; parallax=&#8221;off&#8221; parallax_method=&#8221;off&#8221; make_fullwidth=&#8221;off&#8221; use_custom_width=&#8221;off&#8221; width_unit=&#8221;on&#8221; make_equal=&#8221;off&#8221; use_custom_gutter=&#8221;off&#8221; custom_padding=&#8221;50px|||100px&#8221; custom_padding_tablet=&#8221;20px|||0px&#8221; custom_padding_last_edited=&#8221;on|desktop&#8221; module_id=&#8221;page-hero&#8221;][et_pb_row admin_label=&#8221;row&#8221;][et_pb_column type=&#8221;4_4&#8243;][et_pb_text admin_label=&#8221;Text&#8221; background_layout=&#8221;dark&#8221; text_orientation=&#8221;left&#8221; use_border_color=&#8221;off&#8221; border_color=&#8221;#ffffff&#8221; border_style=&#8221;solid&#8221; custom_padding=&#8221;150px||40px|&#8221; header_text_color=&#8221;#ffffff&#8221; custom_padding_phone=&#8221;150px|||&#8221; custom_padding_last_edited=&#8221;on|phone&#8221;] [\/et_pb_text][\/et_pb_column][\/et_pb_row][\/et_pb_section][et_pb_section admin_label=&#8221;Section&#8221; fullwidth=&#8221;off&#8221; specialty=&#8221;off&#8221; transparent_background=&#8221;off&#8221; allow_player_pause=&#8221;off&#8221; inner_shadow=&#8221;off&#8221; parallax=&#8221;off&#8221; parallax_method=&#8221;off&#8221; custom_padding=&#8221;5px|100px|40px|100px&#8221; make_fullwidth=&#8221;off&#8221; use_custom_width=&#8221;off&#8221; width_unit=&#8221;on&#8221; make_equal=&#8221;off&#8221; use_custom_gutter=&#8221;off&#8221; custom_padding_tablet=&#8221;20px|10px||10px&#8221; custom_padding_last_edited=&#8221;on|desktop&#8221;][et_pb_row admin_label=&#8221;Row&#8221;][et_pb_column type=&#8221;2_3&#8243;][et_pb_text admin_label=&#8221;Sitemap content&#8221; background_layout=&#8221;light&#8221; text_orientation=&#8221;left&#8221; use_border_color=&#8221;off&#8221; border_color=&#8221;#ffffff&#8221; border_style=&#8221;solid&#8221;]<\/p>\n<h1><strong>HART\u0102 SITE<\/strong><\/h1>\n<ul>\n<li><a href=\"https:\/\/www.crewlink.ie\/\">Acas\u0103<\/a><\/li>\n<li><a href=\"https:\/\/www.crewlink.ie\/ro\/precizari-legale\/\">Preciz\u0103ri legale<\/a><\/li>\n<li><a href=\"https:\/\/www.crewlink.ie\/ro\/politica-privind-cookie-urile\/\">Politica de confiden\u021bialitate<\/a><\/li>\n<li><a href=\"https:\/\/www.crewlink.ie\/ro\/galerie-centrul-de-pregatire\/\">Galerie Centrul de preg\u0103tire<\/a><\/li>\n<li><a href=\"https:\/\/www.crewlink.ie\/ro\/galerie-unitate-de-cazare\/\">Galerie Unitate de cazare<\/a><\/li>\n<li><a href=\"https:\/\/www.crewlink.ie\/ro\/galerie-wall-of-fame\/\">Galerie Wall of Fame<\/a><\/li>\n<li><a href=\"https:\/\/www.crewlink.ie\/ro\/galerie-cursantul-saptamanii\/\">Galerie Cursantul s\u0103pt\u0103m\u00e2nii<\/a><\/li>\n<li><a href=\"https:\/\/www.crewlink.ie\/ro\/%d0%b7%d0%b0-crewlink\/\">Despre Crewlink<\/a><\/li>\n<li><a href=\"https:\/\/www.crewlink.ie\/ro\/%d0%b7%d0%b0-crewlink\/despre-ryanair\/\">Despre Ryanair<\/a><\/li>\n<li><a href=\"\/?page_id=9\">FAQs<\/a><\/li>\n<li><a href=\"\/?page_id=11\">M\u0103rturii<\/a><\/li>\n<li><a href=\"https:\/\/www.crewlink.ie\/ro\/contacteaza-ne\/\">Contacteaz\u0103-ne<\/a><\/li>\n<li><a href=\"https:\/\/www.crewlink.ie\/ro\/about-the-job\/\">Despre job<\/a><\/li>\n<li><a href=\"https:\/\/www.crewlink.ie\/ro\/about-the-job\/a-day-in-the-life\/\">O zi din via\u021ba<\/a><\/li>\n<li><a href=\"https:\/\/www.crewlink.ie\/about-the-job\/videos\">Materiale video<\/a><\/li>\n<li><a href=\"https:\/\/www.crewlink.ie\/ro\/take-off\/\">5 faze p\u00e2n\u0103 la \u201edecolare\u201d<\/a><\/li>\n<li><a href=\"https:\/\/www.crewlink.ie\/ro\/galerie-centrul-de-pregatire\/\">Centrul de preg\u0103tire Hahn (HTC)<\/a><\/li>\n<li><a href=\"https:\/\/www.crewlink.ie\/ro\/zile-de-recrutare\/\">Zile de recrutare<\/a><\/li>\n<li><a href=\"https:\/\/www.crewlink.ie\/ro\/taxe\/\">Fees<\/a><\/li>\n<\/ul>\n<p>[\/et_pb_text][\/et_pb_column][et_pb_column type=&#8221;1_3&#8243;][et_pb_divider admin_label=&#8221;Divider&#8221; color=&#8221;#ffffff&#8221; show_divider=&#8221;off&#8221; height=&#8221;20&#8243; divider_style=&#8221;solid&#8221; divider_position=&#8221;top&#8221; hide_on_mobile=&#8221;on&#8221;] [\/et_pb_divider][et_pb_cta admin_label=&#8221;Call To Action&#8221; title=&#8221;RECRUITMENT DAYS&#8221; url_new_window=&#8221;off&#8221; use_background_color=&#8221;on&#8221; background_color=&#8221;#00adee&#8221; background_layout=&#8221;dark&#8221; text_orientation=&#8221;left&#8221; header_font=&#8221;Montserrat||||&#8221; header_font_size=&#8221;20px&#8221; use_border_color=&#8221;off&#8221; border_color=&#8221;#ffffff&#8221; border_style=&#8221;solid&#8221; custom_padding_tablet=&#8221;0px|||&#8221; custom_padding_last_edited=&#8221;off|desktop&#8221; custom_button=&#8221;off&#8221; button_border_width=&#8221;0&#8243; button_letter_spacing=&#8221;0&#8243; button_use_icon=&#8221;default&#8221; button_icon_placement=&#8221;right&#8221; button_on_hover=&#8221;on&#8221; button_letter_spacing_hover=&#8221;0&#8243; module_class=&#8221;rf_sidebar_button&#8221;]<br \/>\n<a href=\"https:\/\/www.crewlink.ie\/ro\/zile-de-recrutare\/\">RECRUITMENT DAYS<\/a><\/p>\n<p>[\/et_pb_cta][et_pb_cta admin_label=&#8221;Call To Action&#8221; title=&#8221;APPLY NOW&#8221; url_new_window=&#8221;off&#8221; use_background_color=&#8221;on&#8221; background_color=&#8221;#00adee&#8221; background_layout=&#8221;dark&#8221; text_orientation=&#8221;left&#8221; header_font=&#8221;Montserrat||||&#8221; header_font_size=&#8221;20px&#8221; use_border_color=&#8221;off&#8221; border_color=&#8221;#ffffff&#8221; border_style=&#8221;solid&#8221; custom_button=&#8221;off&#8221; button_border_width=&#8221;0&#8243; button_letter_spacing=&#8221;0&#8243; button_use_icon=&#8221;default&#8221; button_icon_placement=&#8221;right&#8221; button_on_hover=&#8221;on&#8221; button_letter_spacing_hover=&#8221;0&#8243; module_class=&#8221;rf_sidebar_button&#8221;]<br \/>\n<a href=\"https:\/\/www.crewlink.ie\/ro\/aplica-acum\/\">APPLY NOW<\/a><\/p>\n<p>[\/et_pb_cta][\/et_pb_column][\/et_pb_row][\/et_pb_section][et_pb_section admin_label=&#8221;section&#8221;][et_pb_row admin_label=&#8221;row&#8221;][\/et_pb_row][\/et_pb_section]<\/p>\n","protected":false},"excerpt":{"rendered":"<p>HART\u0102 SITE Acas\u0103 Preciz\u0103ri legale Politica de confiden\u021bialitate Galerie Centrul de preg\u0103tire Galerie Unitate de cazare Galerie Wall of Fame Galerie Cursantul s\u0103pt\u0103m\u00e2nii Despre Crewlink Despre Ryanair FAQs M\u0103rturii Contacteaz\u0103-ne Despre job O zi din via\u021ba Materiale video 5 faze p\u00e2n\u0103 la \u201edecolare\u201d Centrul de preg\u0103tire Hahn (HTC) Zile de recrutare Fees RECRUITMENT DAYS APPLY [&hellip;]<\/p>\n","protected":false},"author":1,"featured_media":0,"parent":0,"menu_order":0,"comment_status":"closed","ping_status":"closed","template":"","meta":{"_acf_changed":false,"_et_pb_use_builder":"on","_et_pb_old_content":"","_et_gb_content_width":"","footnotes":""},"class_list":["post-3075","page","type-page","status-publish","hentry"],"acf":[],"_links":{"self":[{"href":"https:\/\/www.crewlink.ie\/ro\/wp-json\/wp\/v2\/pages\/3075","targetHints":{"allow":["GET"]}}],"collection":[{"href":"https:\/\/www.crewlink.ie\/ro\/wp-json\/wp\/v2\/pages"}],"about":[{"href":"https:\/\/www.crewlink.ie\/ro\/wp-json\/wp\/v2\/types\/page"}],"author":[{"embeddable":true,"href":"https:\/\/www.crewlink.ie\/ro\/wp-json\/wp\/v2\/users\/1"}],"replies":[{"embeddable":true,"href":"https:\/\/www.crewlink.ie\/ro\/wp-json\/wp\/v2\/comments?post=3075"}],"version-history":[{"count":0,"href":"https:\/\/www.crewlink.ie\/ro\/wp-json\/wp\/v2\/pages\/3075\/revisions"}],"wp:attachment":[{"href":"https:\/\/www.crewlink.ie\/ro\/wp-json\/wp\/v2\/media?parent=3075"}],"curies":[{"name":"wp","href":"https:\/\/api.w.org\/{rel}","templated":true}]}}