{"id":3073,"date":"2017-06-30T08:53:00","date_gmt":"2017-06-30T08:53:00","guid":{"rendered":"http:\/\/www.crewlink.ie\/politica-privind-cookie-urile\/"},"modified":"2017-06-30T08:53:14","modified_gmt":"2017-06-30T08:53:14","slug":"politica-privind-cookie-urile","status":"publish","type":"page","link":"https:\/\/www.crewlink.ie\/ro\/politica-privind-cookie-urile\/","title":{"rendered":"Politica privind cookie-urile"},"content":{"rendered":"<p>[et_pb_section admin_label=&#8221;section&#8221; background_image=&#8221;https:\/\/www.crewlink.ie\/wp-content\/uploads\/2017\/01\/ryanair-aircraft-2-copy-1.png&#8221; transparent_background=&#8221;off&#8221; allow_player_pause=&#8221;off&#8221; inner_shadow=&#8221;off&#8221; parallax=&#8221;off&#8221; parallax_method=&#8221;off&#8221; make_fullwidth=&#8221;off&#8221; use_custom_width=&#8221;off&#8221; width_unit=&#8221;on&#8221; make_equal=&#8221;off&#8221; use_custom_gutter=&#8221;off&#8221; custom_padding=&#8221;50px|||90px&#8221; custom_padding_tablet=&#8221;10px|||0px&#8221; custom_padding_last_edited=&#8221;on|tablet&#8221; module_id=&#8221;page-hero&#8221;][et_pb_row admin_label=&#8221;row&#8221;][et_pb_column type=&#8221;4_4&#8243;][et_pb_text admin_label=&#8221;Text&#8221; background_layout=&#8221;dark&#8221; text_orientation=&#8221;left&#8221; use_border_color=&#8221;off&#8221; border_color=&#8221;#ffffff&#8221; border_style=&#8221;solid&#8221; custom_padding=&#8221;150px|||&#8221; header_text_color=&#8221;#ffffff&#8221;] [\/et_pb_text][\/et_pb_column][\/et_pb_row][\/et_pb_section][et_pb_section admin_label=&#8221;section&#8221; transparent_background=&#8221;off&#8221; allow_player_pause=&#8221;off&#8221; inner_shadow=&#8221;off&#8221; parallax=&#8221;off&#8221; parallax_method=&#8221;off&#8221; custom_padding=&#8221;50px|100px||100px&#8221; custom_padding_tablet=&#8221;1px|||1px&#8221; custom_padding_last_edited=&#8221;on|desktop&#8221; make_fullwidth=&#8221;off&#8221; use_custom_width=&#8221;off&#8221; width_unit=&#8221;on&#8221; make_equal=&#8221;off&#8221; use_custom_gutter=&#8221;off&#8221;][et_pb_row admin_label=&#8221;row&#8221;][et_pb_column type=&#8221;4_4&#8243;][et_pb_text admin_label=&#8221;Content cookie policy&#8221; background_layout=&#8221;light&#8221; text_orientation=&#8221;left&#8221; use_border_color=&#8221;off&#8221; border_color=&#8221;#ffffff&#8221; border_style=&#8221;solid&#8221;]&nbsp;<\/p>\n<p>Ca majoritatea site-urile web, \u0219i noi folosim unele cookie-uri. Cookie-urile sunt mici fi\u0219iere text stocate pe computerul dvs. de c\u0103tre browser. Acestea sunt utilizate \u00een multe scopuri, ca de exemplu s\u0103 ne aducem aminte dac\u0103 a\u021bi mai vizitat site-ul \u00eenainte, astfel \u00eenc\u00e2t s\u0103 r\u0103m\u00e2ne\u021bi conectat\u00a0 \u2013 sau s\u0103 ne ajute s\u0103 stabilim num\u0103rul de vizitatori care intr\u0103 pe site pe o perioad\u0103 de timp dat\u0103. Aceste cookie-uri con\u021bine informa\u021bii despre utilizarea computerului dvs. dar nu includ informa\u021bii cu caracter personal despre dvs.<\/p>\n<p>&nbsp;<\/p>\n<h4>Ce cookie-uri folosim?<\/h4>\n<p>&nbsp;<\/p>\n<ul>\n<li>Cookie-urile de sesiune C\u00e2nd naviga\u021bi prin site-ul nostru, exist\u0103 momente c\u00e2nd trebuie s\u0103 ne aducem aminte informa\u021bii tehnice despre dvs. pe m\u0103sur\u0103 ce trece\u021bi dintr-o pagin\u0103 \u00een alta. Aceste informa\u021bii de natur\u0103 tehnic\u0103 sunt utilizate \u00een multe moduri pentru a v\u0103 \u00eembun\u0103t\u0103\u021bi experien\u021ba de utilizator. Acest cookie nu con\u021bine informa\u021bii identificabile personal \u0219i r\u0103m\u00e2ne activ doar p\u00e2n\u0103 la \u00eencheierea sesiunii (de obicei atunci c\u00e2nd p\u0103r\u0103si\u021bi site-ul).<\/li>\n<li>Folosim servicii de analiz\u0103 a traficului web pentru a v\u0103 recunoa\u0219te browserul sau dispozitivul \u0219i, de exemplu, pentru a identifica dac\u0103 a\u021bi vizitat anterior anumite servicii pe care le oferim. \u00a0Aceste informa\u021bii sunt anonime \u0219i sunt folosit doar \u00een scop statistic. Acestea ne permit s\u0103 monitoriz\u0103m informa\u021bii, ca de exemplu c\u00e2\u021bi utilizatori individuali avem \u0219i frecven\u0163a cu care ne viziteaz\u0103 site-ul nostru<\/li>\n<li>Cookie-ul persistent sau de sesiune de conectare Atunci c\u00e2nd v\u0103 conecta\u021bi la o zon\u0103 restric\u021bionat\u0103, pe PC se poate instala un cookie prin care s\u0103 v\u0103 re\u021binem datele de conectare. Acesta pot fi folosit \u00eenspre avantajul dvs. astfel \u00eenc\u00e2t la vizitele ulterioare, s\u0103 nu mai fi\u021bi obligat\/\u0103 s\u0103 introduce\u021bi din nou toate informa\u021biile de conectare. Acest cookie va r\u0103m\u00e2ne \u00een computerul dvs. pe termen nelimitat, chiar \u0219i dup\u0103 ce p\u0103r\u0103si\u021bi site-ul nostru.<\/li>\n<\/ul>\n<h4>Controlul asupra cookie-urilor<\/h4>\n<p>Nu utiliz\u0103m cookie-uri pentru a colecta informa\u021bii identificabile personal despre dvs., de\u0219i este posibil s\u0103 combin\u0103m informa\u021bii din \u00eenregistrarea dvs. cu datele pe care le ob\u021binem de la serviciile de analiz\u0103 a traficului web pe care le folosim \u0219i cookie-urile acestora pentru a analiza modul \u00een care dvs. \u0219i alte persoane folosi\u021bi serviciile noastre online.<\/p>\n<h4>Gestionarea cookie-urilor \u00een browserul dvs.<\/h4>\n<p>Majoritatea browserelor actuale v\u0103 permit:<\/p>\n<ul>\n<li>S\u0103 bloca\u021bi cookie-urile din partea unor ter\u021bi.<\/li>\n<li>S\u0103 bloca\u021bi cookie-urile de pe anumite site-uri.<\/li>\n<li>S\u0103 vede\u021bi ce cookie-uri ave\u021bi \u0219i s\u0103 le \u0219terge\u021bi individual.<\/li>\n<li>S\u0103 bloca\u021bi instalarea tuturor cookie-urilor.<\/li>\n<li>S\u0103 \u0219terge\u021bi toate cookie-urile atunci c\u00e2nd \u00eenchide\u021bi browserul.<\/li>\n<\/ul>\n<p>Trebuie s\u0103 \u0219ti\u021bi c\u0103 \u00een cazul \u00een care \u0219terge\u021bi cookie-urile, toate preferin\u021bele se pierd, inclusiv \u00een cazul \u00een care a\u021bi optat s\u0103 renun\u021ba\u021bi la cookie-uri (deoarece acest lucru necesit\u0103 instalarea unui cookie de renun\u021bare!). \u00cen plus, dac\u0103 bloca\u021bi cookie-urile complet multe site-uri nu vor func\u021biona corespunz\u0103tor iar unele func\u021bii de pe aceste site-uri web nu vor func\u021biona deloc. Din aceste motive, recomandarea noastr\u0103 este s\u0103 nu dezactiva\u021bi cookie-urile atunci c\u00e2nd folosi\u021bi serviciile noastre online.<br \/>\nAfl\u0103 mai multe despre cum s\u0103-\u021bi gestionezi cookie-urile pentru fiecare din browserele de mai jos:<\/p>\n<p><span style=\"color: #003366;\"><strong>Google Chrome<\/strong><\/span><br \/>\n<a href=\"http:\/\/%20http\/\/support.google.com\/chrome\/bin\/answer.py?hl=en&amp;answer=95647\">http:\/\/ http:\/\/support.google.com\/chrome\/bin\/answer.py?hl=en&amp;answer=95647<\/a><br \/>\n<span style=\"color: #003366;\"><strong>Firefox<\/strong><\/span><br \/>\n<a href=\"http:\/\/support.mozilla.org\/en-US\/kb\/Cookies\">http:\/\/support.mozilla.org\/en-US\/kb\/Cookies<\/a><br \/>\n<span style=\"color: #003366;\"><strong>Internet Explorer<\/strong><\/span><br \/>\n<a href=\"http:\/\/support.microsoft.com\/kb\/196955\">http:\/\/support.microsoft.com\/kb\/196955<\/a><br \/>\n<span style=\"color: #003366;\"><strong>Opera<\/strong><\/span><br \/>\n<a href=\"http:\/\/www.opera.com\/browser\/tutorials\/security\/privacy\/\">http:\/\/www.opera.com\/browser\/tutorials\/security\/privacy\/<\/a><br \/>\n<span style=\"color: #003366;\"><strong>Safari<\/strong><\/span><br \/>\n<a href=\"http:\/\/docs.info.apple.com\/article.html?path=Safari\/5.0\/en\/9277.html\">http:\/\/docs.info.apple.com\/article.html?path=Safari\/5.0\/en\/9277.html<\/a><br \/>\n<span style=\"color: #003366;\"><strong>Safari iOS<\/strong><\/span><br \/>\n<a href=\"http:\/\/support.apple.com\/kb\/HT1677\">http:\/\/support.apple.com\/kb\/HT1677<\/a><br \/>\n<span style=\"color: #003366;\"><strong>Android<\/strong><\/span><br \/>\n<a href=\"http:\/\/support.google.com\/mobile\/bin\/answer.py?hl=en&amp;answer=169022\">http:\/\/support.google.com\/mobile\/bin\/answer.py?hl=en&amp;answer=169022<\/a><br \/>\n<span style=\"color: #003366;\"><strong>Blackberry<\/strong><\/span><br \/>\n<a href=\"http:\/\/docs.blackberry.com\/en\/smartphone_users\/deliverables\/32004\/Turn_off_cookies_in_the_browser_60_1072866_11.jsp\">http:\/\/docs.blackberry.com\/en\/smartphone_users\/deliverables\/32004\/Turn_off_cookies_in_the_browser_60_1072866_11.jsp<\/a><br \/>\n<span style=\"color: #003366;\"><strong>Windows Phone<\/strong><\/span><br \/>\n<a href=\"http:\/\/%20http\/\/www.microsoft.com\/windowsphone\/en-us\/howto\/wp7\/web\/changing-privacy-and-other-browser-settings.aspx\">http:\/\/ http:\/\/www.microsoft.com\/windowsphone\/en-us\/howto\/wp7\/web\/changing-privacy-and-other-browser-settings.aspx<\/a>[\/et_pb_text][\/et_pb_column][\/et_pb_row][\/et_pb_section]<\/p>\n","protected":false},"excerpt":{"rendered":"<p>&nbsp; Ca majoritatea site-urile web, \u0219i noi folosim unele cookie-uri. Cookie-urile sunt mici fi\u0219iere text stocate pe computerul dvs. de c\u0103tre browser. Acestea sunt utilizate \u00een multe scopuri, ca de exemplu s\u0103 ne aducem aminte dac\u0103 a\u021bi mai vizitat site-ul \u00eenainte, astfel \u00eenc\u00e2t s\u0103 r\u0103m\u00e2ne\u021bi conectat\u00a0 \u2013 sau s\u0103 ne ajute s\u0103 stabilim num\u0103rul de [&hellip;]<\/p>\n","protected":false},"author":1,"featured_media":0,"parent":0,"menu_order":0,"comment_status":"closed","ping_status":"closed","template":"","meta":{"_acf_changed":false,"_et_pb_use_builder":"on","_et_pb_old_content":"","_et_gb_content_width":"","footnotes":""},"class_list":["post-3073","page","type-page","status-publish","hentry"],"acf":[],"_links":{"self":[{"href":"https:\/\/www.crewlink.ie\/ro\/wp-json\/wp\/v2\/pages\/3073","targetHints":{"allow":["GET"]}}],"collection":[{"href":"https:\/\/www.crewlink.ie\/ro\/wp-json\/wp\/v2\/pages"}],"about":[{"href":"https:\/\/www.crewlink.ie\/ro\/wp-json\/wp\/v2\/types\/page"}],"author":[{"embeddable":true,"href":"https:\/\/www.crewlink.ie\/ro\/wp-json\/wp\/v2\/users\/1"}],"replies":[{"embeddable":true,"href":"https:\/\/www.crewlink.ie\/ro\/wp-json\/wp\/v2\/comments?post=3073"}],"version-history":[{"count":0,"href":"https:\/\/www.crewlink.ie\/ro\/wp-json\/wp\/v2\/pages\/3073\/revisions"}],"wp:attachment":[{"href":"https:\/\/www.crewlink.ie\/ro\/wp-json\/wp\/v2\/media?parent=3073"}],"curies":[{"name":"wp","href":"https:\/\/api.w.org\/{rel}","templated":true}]}}