{"id":2812,"date":"2017-06-23T10:03:32","date_gmt":"2017-06-23T10:03:32","guid":{"rendered":"http:\/\/www.crewlink.ie\/acerca-da-funcao\/um-dia-na-vida\/"},"modified":"2017-06-23T10:04:00","modified_gmt":"2017-06-23T10:04:00","slug":"um-dia-na-vida","status":"publish","type":"page","link":"https:\/\/www.crewlink.ie\/pt\/acerca-da-funcao\/um-dia-na-vida\/","title":{"rendered":"Um dia na vida"},"content":{"rendered":"<p>[et_pb_section admin_label=&#8221;section&#8221; background_image=&#8221;https:\/\/www.crewlink.ie\/wp-content\/uploads\/2017\/02\/banner.png&#8221; transparent_background=&#8221;on&#8221; allow_player_pause=&#8221;off&#8221; inner_shadow=&#8221;off&#8221; parallax=&#8221;off&#8221; parallax_method=&#8221;off&#8221; make_fullwidth=&#8221;off&#8221; use_custom_width=&#8221;off&#8221; width_unit=&#8221;on&#8221; make_equal=&#8221;off&#8221; use_custom_gutter=&#8221;off&#8221; custom_padding=&#8221;50px|||100px&#8221; custom_padding_tablet=&#8221;20px|||0px&#8221; custom_padding_last_edited=&#8221;on|desktop&#8221; background_color=&#8221;#000000&#8243; module_class=&#8221;section-overlay&#8221; module_id=&#8221;page-hero&#8221;][et_pb_row admin_label=&#8221;row&#8221;][et_pb_column type=&#8221;4_4&#8243;][et_pb_text admin_label=&#8221;Text&#8221; background_layout=&#8221;dark&#8221; text_orientation=&#8221;left&#8221; use_border_color=&#8221;off&#8221; border_color=&#8221;#ffffff&#8221; border_style=&#8221;solid&#8221; custom_padding=&#8221;150px||40px|&#8221; header_text_color=&#8221;#ffffff&#8221; custom_padding_phone=&#8221;150px|||&#8221; custom_padding_last_edited=&#8221;on|phone&#8221;] [\/et_pb_text][\/et_pb_column][\/et_pb_row][\/et_pb_section][et_pb_section admin_label=&#8221;section&#8221; transparent_background=&#8221;off&#8221; allow_player_pause=&#8221;off&#8221; inner_shadow=&#8221;off&#8221; parallax=&#8221;off&#8221; parallax_method=&#8221;off&#8221; custom_padding=&#8221;50px|50px||50px&#8221; make_fullwidth=&#8221;off&#8221; use_custom_width=&#8221;off&#8221; width_unit=&#8221;on&#8221; make_equal=&#8221;off&#8221; use_custom_gutter=&#8221;off&#8221; custom_padding_tablet=&#8221;20px|10px||10px&#8221; custom_padding_last_edited=&#8221;on|desktop&#8221;][et_pb_row admin_label=&#8221;row&#8221;][et_pb_column type=&#8221;4_4&#8243;][et_pb_text admin_label=&#8221;Text&#8221; background_layout=&#8221;dark&#8221; text_orientation=&#8221;left&#8221; use_border_color=&#8221;off&#8221; border_color=&#8221;#ffffff&#8221; border_style=&#8221;solid&#8221; header_text_color=&#8221;#003366&#8243; custom_padding_last_edited=&#8221;on|desktop&#8221;]<\/p>\n<h1><strong>ACERCA DA FUN\u00c7\u00c3O<\/strong><\/h1>\n<p>[\/et_pb_text][\/et_pb_column][\/et_pb_row][et_pb_row admin_label=&#8221;row&#8221;][et_pb_column type=&#8221;4_4&#8243;][et_pb_gallery admin_label=&#8221;Gallery&#8221; gallery_ids=&#8221;336,289,288,285&#8243; fullwidth=&#8221;off&#8221; show_title_and_caption=&#8221;off&#8221; show_pagination=&#8221;off&#8221; background_layout=&#8221;light&#8221; auto=&#8221;on&#8221; hover_overlay_color=&#8221;rgba(255,255,255,0.9)&#8221; use_border_color=&#8221;off&#8221; border_color=&#8221;#ffffff&#8221; border_style=&#8221;solid&#8221;] [\/et_pb_gallery][\/et_pb_column][\/et_pb_row][\/et_pb_section][et_pb_section admin_label=&#8221;Section&#8221; fullwidth=&#8221;off&#8221; specialty=&#8221;off&#8221; transparent_background=&#8221;off&#8221; allow_player_pause=&#8221;off&#8221; inner_shadow=&#8221;off&#8221; parallax=&#8221;off&#8221; parallax_method=&#8221;off&#8221; custom_padding=&#8221;5px|100px|40px|100px&#8221; make_fullwidth=&#8221;off&#8221; use_custom_width=&#8221;off&#8221; width_unit=&#8221;on&#8221; make_equal=&#8221;off&#8221; use_custom_gutter=&#8221;off&#8221; custom_padding_tablet=&#8221;20px|10px||10px&#8221; custom_padding_last_edited=&#8221;on|desktop&#8221;][et_pb_row admin_label=&#8221;Row&#8221;][et_pb_column type=&#8221;2_3&#8243;][et_pb_text admin_label=&#8221;What&#8217;s on offer for full-time crew &#8211; content&#8221; background_layout=&#8221;light&#8221; text_orientation=&#8221;left&#8221; use_border_color=&#8221;off&#8221; border_color=&#8221;#ffffff&#8221; border_style=&#8221;solid&#8221; text_font_size=&#8221;16&#8243;]<\/p>\n<h4>O que \u00e9 oferecido para o cargo de tripulante em full-time?<\/h4>\n<ul>\n<li>Um contrato a termo certo garantido por 3 anos com a Crewlink, que \u00e9 contratada para fornecer tripula\u00e7\u00f5es de bordo \u00e0 <strong>Ryanair<\/strong>.<\/li>\n<li>Horas noturnas extra n\u00e3o previstas \u2013 a Ryanair leva-o(a) de volta \u00e0 sua Base todos os dias &#8216;A Horas&#8217;.<\/li>\n<li>Os turnos s\u00e3o de 5\/3 \u2013 5\/3 \u2013 ou seja 5 dias de servi\u00e7o, 3 dias de folga seguidos de 5 dias de servi\u00e7o, 3 dias de folga.<\/li>\n<li>Generosos benef\u00edcios de viagem desde o primeiro dia, dando-lhe a oportunidade de voar para outros pa\u00edses nos seus dias de folga. Almo\u00e7o em Roma? Ou esquiar na \u00c1ustria?<\/li>\n<li>Sal\u00e1rio competitivo dependente de onde esteja baseado(a) dentro de toda a rede Ryanair.<\/li>\n<li>&#8216;Subs\u00eddio de Novo Aderente&#8217; \u2013 um extra de \u20ac1.200 pago durante os primeiros 6 meses do in\u00edcio da sua nova carreira.<\/li>\n<li>Grandes oportunidades de promo\u00e7\u00e3o na carreira: se voc\u00ea for um membro bem-sucedido da tripula\u00e7\u00e3o, ter\u00e1 potencial para ser empregado diretamente pela Ryanair e, ap\u00f3s 12 meses, poder\u00e1 ser eleg\u00edvel para a promo\u00e7\u00e3o de Supervisor de Servi\u00e7o ao Cliente, ganhando mais \u20ac30.000 brutos por ano.<br \/>\nA promo\u00e7\u00e3o a Supervisor de Servi\u00e7o ao Cliente envolve:<\/li>\n<li>Aumento da responsabilidade, dado que passa a gerir uma equipa de outros tr\u00eas membros da Tripula\u00e7\u00e3o de Bordo em cada voo.<\/li>\n<li>Aumento de sal\u00e1rio \u2013 Os Supervisores da Ryanair baseados no Reino Unido e Irlanda ganham aproximadamente 25.000 \u00a3\/ \u20ac30.000 brutos por ano.<\/li>\n<li>Benef\u00edcios de Viagem acrescidos (incluindo viagens com desconto noutras companhias a\u00e9reas).<\/li>\n<\/ul>\n<p>[\/et_pb_text][\/et_pb_column][et_pb_column type=&#8221;1_3&#8243;][et_pb_divider admin_label=&#8221;Divider&#8221; color=&#8221;#ffffff&#8221; show_divider=&#8221;off&#8221; height=&#8221;20&#8243; divider_style=&#8221;solid&#8221; divider_position=&#8221;top&#8221; hide_on_mobile=&#8221;on&#8221;] [\/et_pb_divider][et_pb_cta admin_label=&#8221;Right hand button 1&#8243; title=&#8221;RECRUITMENT DAYS&#8221; url_new_window=&#8221;off&#8221; use_background_color=&#8221;on&#8221; background_color=&#8221;#00adee&#8221; background_layout=&#8221;dark&#8221; text_orientation=&#8221;left&#8221; header_font=&#8221;Montserrat||||&#8221; header_font_size=&#8221;20px&#8221; use_border_color=&#8221;off&#8221; border_color=&#8221;#ffffff&#8221; border_style=&#8221;solid&#8221; custom_padding_tablet=&#8221;0px|||&#8221; custom_padding_last_edited=&#8221;off|desktop&#8221; custom_button=&#8221;off&#8221; button_border_width=&#8221;0&#8243; button_letter_spacing=&#8221;0&#8243; button_use_icon=&#8221;default&#8221; button_icon_placement=&#8221;right&#8221; button_on_hover=&#8221;on&#8221; button_letter_spacing_hover=&#8221;0&#8243; module_class=&#8221;rf_sidebar_button&#8221;]<br \/>\n<a href=\"https:\/\/www.crewlink.ie\/pt\/recrutamento-dias\/\">RECRUITMENT DAYS<\/a><\/p>\n<p>[\/et_pb_cta][et_pb_cta admin_label=&#8221;Right hand button 2&#8243; title=&#8221;APPLY NOW&#8221; url_new_window=&#8221;off&#8221; use_background_color=&#8221;on&#8221; background_color=&#8221;#00adee&#8221; background_layout=&#8221;dark&#8221; text_orientation=&#8221;left&#8221; header_font=&#8221;Montserrat||||&#8221; header_font_size=&#8221;20px&#8221; use_border_color=&#8221;off&#8221; border_color=&#8221;#ffffff&#8221; border_style=&#8221;solid&#8221; custom_button=&#8221;off&#8221; button_border_width=&#8221;0&#8243; button_letter_spacing=&#8221;0&#8243; button_use_icon=&#8221;default&#8221; button_icon_placement=&#8221;right&#8221; button_on_hover=&#8221;on&#8221; button_letter_spacing_hover=&#8221;0&#8243; module_class=&#8221;rf_sidebar_button&#8221;]<br \/>\n<a href=\"https:\/\/www.crewlink.ie\/pt\/candidatar-se-agora\/\">APPLY NOW<\/a><\/p>\n<p>[\/et_pb_cta][\/et_pb_column][\/et_pb_row][\/et_pb_section][et_pb_section admin_label=&#8221;section&#8221;][et_pb_row admin_label=&#8221;row&#8221;][\/et_pb_row][\/et_pb_section]<\/p>\n","protected":false},"excerpt":{"rendered":"<p>ACERCA DA FUN\u00c7\u00c3O O que \u00e9 oferecido para o cargo de tripulante em full-time? Um contrato a termo certo garantido por 3 anos com a Crewlink, que \u00e9 contratada para fornecer tripula\u00e7\u00f5es de bordo \u00e0 Ryanair. Horas noturnas extra n\u00e3o previstas \u2013 a Ryanair leva-o(a) de volta \u00e0 sua Base todos os dias &#8216;A Horas&#8217;. [&hellip;]<\/p>\n","protected":false},"author":1,"featured_media":0,"parent":2715,"menu_order":0,"comment_status":"closed","ping_status":"closed","template":"","meta":{"_acf_changed":false,"_et_pb_use_builder":"on","_et_pb_old_content":"","_et_gb_content_width":"","footnotes":""},"class_list":["post-2812","page","type-page","status-publish","hentry"],"acf":[],"_links":{"self":[{"href":"https:\/\/www.crewlink.ie\/pt\/wp-json\/wp\/v2\/pages\/2812","targetHints":{"allow":["GET"]}}],"collection":[{"href":"https:\/\/www.crewlink.ie\/pt\/wp-json\/wp\/v2\/pages"}],"about":[{"href":"https:\/\/www.crewlink.ie\/pt\/wp-json\/wp\/v2\/types\/page"}],"author":[{"embeddable":true,"href":"https:\/\/www.crewlink.ie\/pt\/wp-json\/wp\/v2\/users\/1"}],"replies":[{"embeddable":true,"href":"https:\/\/www.crewlink.ie\/pt\/wp-json\/wp\/v2\/comments?post=2812"}],"version-history":[{"count":0,"href":"https:\/\/www.crewlink.ie\/pt\/wp-json\/wp\/v2\/pages\/2812\/revisions"}],"up":[{"embeddable":true,"href":"https:\/\/www.crewlink.ie\/pt\/wp-json\/wp\/v2\/pages\/2715"}],"wp:attachment":[{"href":"https:\/\/www.crewlink.ie\/pt\/wp-json\/wp\/v2\/media?parent=2812"}],"curies":[{"name":"wp","href":"https:\/\/api.w.org\/{rel}","templated":true}]}}