{"id":2741,"date":"2017-06-22T15:15:47","date_gmt":"2017-06-22T15:15:47","guid":{"rendered":"http:\/\/www.crewlink.ie\/taxas\/"},"modified":"2017-06-22T15:16:19","modified_gmt":"2017-06-22T15:16:19","slug":"taxas","status":"publish","type":"page","link":"https:\/\/www.crewlink.ie\/pt\/taxas\/","title":{"rendered":"Taxas"},"content":{"rendered":"<p>[et_pb_section admin_label=&#8221;section&#8221; background_image=&#8221;https:\/\/www.crewlink.ie\/wp-content\/uploads\/2017\/01\/ryanair-aircraft-2-copy-1.png&#8221; transparent_background=&#8221;on&#8221; allow_player_pause=&#8221;off&#8221; inner_shadow=&#8221;off&#8221; parallax=&#8221;off&#8221; parallax_method=&#8221;off&#8221; custom_padding=&#8221;50px|||90px&#8221; make_fullwidth=&#8221;off&#8221; use_custom_width=&#8221;off&#8221; width_unit=&#8221;on&#8221; make_equal=&#8221;off&#8221; use_custom_gutter=&#8221;off&#8221; fullwidth=&#8221;off&#8221; specialty=&#8221;off&#8221; custom_padding_last_edited=&#8221;on|tablet&#8221; disabled=&#8221;off&#8221; custom_padding_tablet=&#8221;50px|||0px&#8221; module_id=&#8221;page-hero&#8221;][et_pb_row admin_label=&#8221;row&#8221; make_fullwidth=&#8221;off&#8221; use_custom_width=&#8221;off&#8221; width_unit=&#8221;off&#8221; use_custom_gutter=&#8221;off&#8221; allow_player_pause=&#8221;off&#8221; parallax=&#8221;off&#8221; parallax_method=&#8221;on&#8221; make_equal=&#8221;off&#8221; parallax_1=&#8221;off&#8221; parallax_method_1=&#8221;on&#8221; parallax_2=&#8221;off&#8221; parallax_method_2=&#8221;on&#8221; parallax_3=&#8221;off&#8221; parallax_method_3=&#8221;on&#8221; parallax_4=&#8221;off&#8221; parallax_method_4=&#8221;on&#8221; disabled=&#8221;off&#8221;][et_pb_column type=&#8221;4_4&#8243;][et_pb_text admin_label=&#8221;Text&#8221; background_layout=&#8221;dark&#8221; text_orientation=&#8221;left&#8221; use_border_color=&#8221;off&#8221; border_style=&#8221;solid&#8221; custom_padding=&#8221;150px||40px|&#8221; disabled=&#8221;off&#8221; border_color=&#8221;#ffffff&#8221; header_text_color=&#8221;#ffffff&#8221;]<\/p>\n<p>[\/et_pb_text][\/et_pb_column][\/et_pb_row][\/et_pb_section][et_pb_section admin_label=&#8221;Section&#8221; fullwidth=&#8221;off&#8221; specialty=&#8221;off&#8221; transparent_background=&#8221;off&#8221; allow_player_pause=&#8221;off&#8221; inner_shadow=&#8221;off&#8221; parallax=&#8221;off&#8221; parallax_method=&#8221;off&#8221; custom_padding=&#8221;20px|100px||100px&#8221; make_fullwidth=&#8221;off&#8221; use_custom_width=&#8221;off&#8221; width_unit=&#8221;on&#8221; make_equal=&#8221;off&#8221; use_custom_gutter=&#8221;off&#8221; custom_padding_tablet=&#8221;20px|||0px&#8221; custom_padding_last_edited=&#8221;on|desktop&#8221;][et_pb_row admin_label=&#8221;row&#8221; make_fullwidth=&#8221;off&#8221; use_custom_width=&#8221;off&#8221; width_unit=&#8221;off&#8221; use_custom_gutter=&#8221;off&#8221; allow_player_pause=&#8221;off&#8221; parallax=&#8221;off&#8221; parallax_method=&#8221;on&#8221; make_equal=&#8221;off&#8221; parallax_1=&#8221;off&#8221; parallax_method_1=&#8221;on&#8221; parallax_2=&#8221;off&#8221; parallax_method_2=&#8221;on&#8221; parallax_3=&#8221;off&#8221; parallax_method_3=&#8221;on&#8221; parallax_4=&#8221;off&#8221; parallax_method_4=&#8221;on&#8221; disabled=&#8221;off&#8221;][et_pb_column type=&#8221;4_4&#8243;][et_pb_text admin_label=&#8221;Title &#8211; FEES&#8221; background_layout=&#8221;dark&#8221; text_orientation=&#8221;left&#8221; use_border_color=&#8221;off&#8221; border_style=&#8221;solid&#8221; disabled=&#8221;off&#8221; border_color=&#8221;#ffffff&#8221; header_text_color=&#8221;#003366&#8243;]<\/p>\n<h1><strong>TAXAS<\/strong><\/h1>\n<p>[\/et_pb_text][\/et_pb_column][\/et_pb_row][et_pb_row admin_label=&#8221;Row&#8221;][et_pb_column type=&#8221;2_3&#8243;][et_pb_text admin_label=&#8221;Content&#8221; background_layout=&#8221;light&#8221; text_orientation=&#8221;left&#8221; use_border_color=&#8221;off&#8221; border_color=&#8221;#ffffff&#8221; border_style=&#8221;solid&#8221; header_text_color=&#8221;#003366&#8243;]A Crewlink operacionaliza uma estrutura de taxa\u00e7\u00e3o muito simples e f\u00e1cil para o(a) ajudar no caminho de uma Carreira de Voo:<\/p>\n<p><strong>N\u00c3O <\/strong>ser\u00e3o cobradas quaisquer <strong>TAXAS <\/strong>at\u00e9 que tenha completado as entrevistas e decidido frequentar o curso de forma\u00e7\u00e3o na HTC.<\/p>\n<p><em>Tem duas Op\u00e7\u00f5es de Pagamento<\/em><\/p>\n<div class=\"page_content\">\n<h2><\/h2>\n<p>Crewlink operates a very simple and easy fee structure to help you on your way to a Flying Career:<\/p>\n<p><strong><span style=\"color: #003366;\">NO FEES<\/span>\u00a0<\/strong>are charged until you have completed the interviews and you decide to undertake the training course at the HTC.<\/p>\n<h4 style=\"text-align: center;\"><span style=\"color: #003366;\"><strong>You have 2 Payment Options:<\/strong><\/span><\/h4>\n<\/div>\n<p>&nbsp;[\/et_pb_text][et_pb_text admin_label=&#8221;Content option 1&#8243; background_layout=&#8221;light&#8221; text_orientation=&#8221;left&#8221; use_border_color=&#8221;off&#8221; border_color=&#8221;#ffffff&#8221; border_style=&#8221;solid&#8221; text_font_size=&#8221;16&#8243;]<strong><em>Op\u00e7\u00e3o 1<\/em><\/strong><\/p>\n<ul>\n<li>\u2018Pagamento por Dedu\u00e7\u00e3o\u2019 \u2013 Joia de Inscri\u00e7\u00e3o de <strong>\u20ac 500,00<\/strong> para confirma\u00e7\u00e3o do seu lugar no curso de forma\u00e7\u00e3o, taxa de curso de <strong>\u20ac2.999,00<\/strong> que ser\u00e1 deduzida do sal\u00e1rio. Os custos de alojamento de <strong>\u20ac700,00<\/strong> dever\u00e3o ser pagos 3 semanas antes do in\u00edcio do curso.<\/li>\n<\/ul>\n<p style=\"text-align: center;\"><strong><em>OU<\/em><\/strong><\/p>\n<p><strong><em>Op\u00e7\u00e3o 2<\/em><\/strong><\/p>\n<ul>\n<li>\u2018Pagamento Antecipado\u2019 \u2013 Joia de Inscri\u00e7\u00e3o de <strong>\u20ac 500,00<\/strong> para confirma\u00e7\u00e3o do seu lugar no curso de forma\u00e7\u00e3o, taxa de curso reduzida de <strong>\u20ac2.399,00<\/strong> mais custos de alojamento de <strong>\u20ac700,00<\/strong> que dever\u00e3o ser pagos 3 semanas antes do in\u00edcio do curso.<\/li>\n<\/ul>\n<p><strong>No sentido de confirmar o seu lugar no curso \u00e9-lhe requerido o pagamento de uma Joia de Inscri\u00e7\u00e3o n\u00e3o reembols\u00e1vel de \u20ac500,00, que inclui:<\/strong><\/p>\n<ul>\n<li>Manuais, Processamento de dados de identifica\u00e7\u00e3o. Materiais (n\u00e3o inclui alimenta\u00e7\u00e3o).<\/li>\n<li>A Joia de Inscri\u00e7\u00e3o \u00e9 <strong>n\u00e3o reembols\u00e1vel<\/strong> para assegurar que os formandos se comprometem totalmente com o curso de forma\u00e7\u00e3o.<\/li>\n<li>Se REPROVAR, n\u00e3o h\u00e1 mais Taxas de Curso. Qualquer Taxa de Curso paga ser\u00e1 <strong>reembolsada<\/strong>.<\/li>\n<li>Se PASSAR, n\u00e3o h\u00e1 encargos adicionais, desde que o curso j\u00e1 tenha sido pago na totalidade.<\/li>\n<\/ul>\n<p>[\/et_pb_text][et_pb_text admin_label=&#8221;Text&#8221; background_layout=&#8221;light&#8221; text_orientation=&#8221;left&#8221; use_border_color=&#8221;off&#8221; border_color=&#8221;#ffffff&#8221; border_style=&#8221;solid&#8221; text_font_size=&#8221;16&#8243;]<\/p>\n<p>[\/et_pb_text][\/et_pb_column][et_pb_column type=&#8221;1_3&#8243;][et_pb_cta admin_label=&#8221;Right hand button 1&#8243; title=&#8221;RECRUITMENT DAYS&#8221; url_new_window=&#8221;off&#8221; use_background_color=&#8221;on&#8221; background_color=&#8221;#00adee&#8221; background_layout=&#8221;dark&#8221; text_orientation=&#8221;left&#8221; header_font=&#8221;Montserrat||||&#8221; header_font_size=&#8221;20px&#8221; use_border_color=&#8221;off&#8221; border_color=&#8221;#ffffff&#8221; border_style=&#8221;solid&#8221; custom_padding_tablet=&#8221;0px|||&#8221; custom_padding_last_edited=&#8221;off|desktop&#8221; custom_button=&#8221;off&#8221; button_border_width=&#8221;0&#8243; button_letter_spacing=&#8221;0&#8243; button_use_icon=&#8221;default&#8221; button_icon_placement=&#8221;right&#8221; button_on_hover=&#8221;on&#8221; button_letter_spacing_hover=&#8221;0&#8243; module_class=&#8221;rf_sidebar_button&#8221;]<br \/>\n<a href=\"https:\/\/www.crewlink.ie\/pt\/recrutamento-dias\/\">RECRUITMENT DAYS<\/a><\/p>\n<p>[\/et_pb_cta][et_pb_cta admin_label=&#8221;Right hand button 2&#8243; title=&#8221;APPLY NOW&#8221; url_new_window=&#8221;off&#8221; use_background_color=&#8221;on&#8221; background_color=&#8221;#00adee&#8221; background_layout=&#8221;dark&#8221; text_orientation=&#8221;left&#8221; header_font=&#8221;Montserrat||||&#8221; header_font_size=&#8221;20px&#8221; use_border_color=&#8221;off&#8221; border_color=&#8221;#ffffff&#8221; border_style=&#8221;solid&#8221; custom_button=&#8221;off&#8221; button_border_width=&#8221;0&#8243; button_letter_spacing=&#8221;0&#8243; button_use_icon=&#8221;default&#8221; button_icon_placement=&#8221;right&#8221; button_on_hover=&#8221;on&#8221; button_letter_spacing_hover=&#8221;0&#8243; module_class=&#8221;rf_sidebar_button&#8221;]<br \/>\n<a href=\"https:\/\/www.crewlink.ie\/pt\/candidatar-se-agora\/\">APPLY NOW<\/a><\/p>\n<p>[\/et_pb_cta][\/et_pb_column][\/et_pb_row][\/et_pb_section]<\/p>\n","protected":false},"excerpt":{"rendered":"<p>TAXASA Crewlink operacionaliza uma estrutura de taxa\u00e7\u00e3o muito simples e f\u00e1cil para o(a) ajudar no caminho de uma Carreira de Voo: N\u00c3O ser\u00e3o cobradas quaisquer TAXAS at\u00e9 que tenha completado as entrevistas e decidido frequentar o curso de forma\u00e7\u00e3o na HTC. Tem duas Op\u00e7\u00f5es de Pagamento Crewlink operates a very simple and easy fee structure [&hellip;]<\/p>\n","protected":false},"author":1,"featured_media":0,"parent":0,"menu_order":0,"comment_status":"closed","ping_status":"closed","template":"","meta":{"_acf_changed":false,"_et_pb_use_builder":"on","_et_pb_old_content":"","_et_gb_content_width":"","footnotes":""},"class_list":["post-2741","page","type-page","status-publish","hentry"],"acf":[],"_links":{"self":[{"href":"https:\/\/www.crewlink.ie\/pt\/wp-json\/wp\/v2\/pages\/2741","targetHints":{"allow":["GET"]}}],"collection":[{"href":"https:\/\/www.crewlink.ie\/pt\/wp-json\/wp\/v2\/pages"}],"about":[{"href":"https:\/\/www.crewlink.ie\/pt\/wp-json\/wp\/v2\/types\/page"}],"author":[{"embeddable":true,"href":"https:\/\/www.crewlink.ie\/pt\/wp-json\/wp\/v2\/users\/1"}],"replies":[{"embeddable":true,"href":"https:\/\/www.crewlink.ie\/pt\/wp-json\/wp\/v2\/comments?post=2741"}],"version-history":[{"count":0,"href":"https:\/\/www.crewlink.ie\/pt\/wp-json\/wp\/v2\/pages\/2741\/revisions"}],"wp:attachment":[{"href":"https:\/\/www.crewlink.ie\/pt\/wp-json\/wp\/v2\/media?parent=2741"}],"curies":[{"name":"wp","href":"https:\/\/api.w.org\/{rel}","templated":true}]}}