{"id":2720,"date":"2017-06-22T15:07:55","date_gmt":"2017-06-22T15:07:55","guid":{"rendered":"http:\/\/www.crewlink.ie\/a-descolagem\/"},"modified":"2017-06-22T15:13:02","modified_gmt":"2017-06-22T15:13:02","slug":"a-descolagem","status":"publish","type":"page","link":"https:\/\/www.crewlink.ie\/pt\/a-descolagem\/","title":{"rendered":"A Descolagem"},"content":{"rendered":"<p>[et_pb_section admin_label=&#8221;section&#8221; background_image=&#8221;https:\/\/www.crewlink.ie\/wp-content\/uploads\/2017\/01\/take.jpg&#8221; transparent_background=&#8221;off&#8221; allow_player_pause=&#8221;off&#8221; inner_shadow=&#8221;off&#8221; parallax=&#8221;off&#8221; parallax_method=&#8221;off&#8221; make_fullwidth=&#8221;off&#8221; use_custom_width=&#8221;off&#8221; width_unit=&#8221;on&#8221; make_equal=&#8221;off&#8221; use_custom_gutter=&#8221;off&#8221; custom_padding=&#8221;50px|||90px&#8221; custom_padding_tablet=&#8221;20px|||50px&#8221; custom_padding_last_edited=&#8221;on|desktop&#8221; module_id=&#8221;page-hero&#8221;][et_pb_row admin_label=&#8221;row&#8221; make_fullwidth=&#8221;off&#8221; use_custom_width=&#8221;off&#8221; width_unit=&#8221;on&#8221; use_custom_gutter=&#8221;off&#8221; allow_player_pause=&#8221;off&#8221; parallax=&#8221;off&#8221; parallax_method=&#8221;off&#8221; make_equal=&#8221;off&#8221; parallax_1=&#8221;off&#8221; parallax_method_1=&#8221;off&#8221;][et_pb_column type=&#8221;4_4&#8243;][et_pb_text admin_label=&#8221;Text&#8221; background_layout=&#8221;dark&#8221; text_orientation=&#8221;left&#8221; use_border_color=&#8221;off&#8221; border_color=&#8221;#ffffff&#8221; border_style=&#8221;solid&#8221; custom_padding=&#8221;150px||40px|&#8221; header_text_color=&#8221;#ffffff&#8221;]<\/p>\n<p>[\/et_pb_text][\/et_pb_column][\/et_pb_row][\/et_pb_section][et_pb_section admin_label=&#8221;Section&#8221; fullwidth=&#8221;off&#8221; specialty=&#8221;off&#8221; transparent_background=&#8221;off&#8221; allow_player_pause=&#8221;off&#8221; inner_shadow=&#8221;off&#8221; parallax=&#8221;off&#8221; parallax_method=&#8221;off&#8221; custom_padding=&#8221;20px|100px||100px&#8221; make_fullwidth=&#8221;off&#8221; use_custom_width=&#8221;off&#8221; width_unit=&#8221;on&#8221; make_equal=&#8221;off&#8221; use_custom_gutter=&#8221;off&#8221; custom_padding_tablet=&#8221;20px|10px||10px&#8221; custom_padding_last_edited=&#8221;on|desktop&#8221;][et_pb_row admin_label=&#8221;row&#8221; make_fullwidth=&#8221;off&#8221; use_custom_width=&#8221;off&#8221; width_unit=&#8221;on&#8221; use_custom_gutter=&#8221;off&#8221; allow_player_pause=&#8221;off&#8221; parallax=&#8221;off&#8221; parallax_method=&#8221;off&#8221; make_equal=&#8221;off&#8221; parallax_1=&#8221;off&#8221; parallax_method_1=&#8221;off&#8221;][et_pb_column type=&#8221;4_4&#8243;][et_pb_text admin_label=&#8221;Text&#8221; background_layout=&#8221;dark&#8221; text_orientation=&#8221;left&#8221; use_border_color=&#8221;off&#8221; border_color=&#8221;#ffffff&#8221; border_style=&#8221;solid&#8221; header_text_color=&#8221;#003366&#8243; custom_padding_last_edited=&#8221;on|phone&#8221;]<\/p>\n<h1>A DESCOLAGEM<\/h1>\n<p>[\/et_pb_text][\/et_pb_column][\/et_pb_row][et_pb_row admin_label=&#8221;Row&#8221;][et_pb_column type=&#8221;2_3&#8243;][et_pb_text admin_label=&#8221;Text&#8221; background_layout=&#8221;light&#8221; text_orientation=&#8221;left&#8221; header_font=&#8221;|on|||&#8221; header_font_size=&#8221;23px&#8221; use_border_color=&#8221;off&#8221; border_color=&#8221;#ffffff&#8221; border_style=&#8221;solid&#8221;]<\/p>\n<p>[\/et_pb_text][et_pb_tabs admin_label=&#8221;Tabs&#8221; use_border_color=&#8221;off&#8221; border_color=&#8221;#ffffff&#8221; border_style=&#8221;solid&#8221; tab_font=&#8221;Montserrat||||&#8221; tab_text_color=&#8221;#ffffff&#8221; tab_line_height=&#8221;1.4em&#8221; active_tab_background_color=&#8221;#00adee&#8221; inactive_tab_background_color=&#8221;#003366&#8243; module_class=&#8221;equal-tabs&#8221; tab_font_size_last_edited=&#8221;on|phone&#8221; body_font_size_tablet=&#8221;12&#8243; body_font_size_last_edited=&#8221;on|desktop&#8221; module_id=&#8221;takeoff-tabs&#8221; body_font_size=&#8221;16&#8243;]<\/p>\n<p>[et_pb_tab title=&#8221;Fase 1&#8243; tab_font_select=&#8221;default&#8221; tab_font=&#8221;||||&#8221; tab_line_height=&#8221;2em&#8221; tab_line_height_tablet=&#8221;2em&#8221; tab_line_height_phone=&#8221;2em&#8221; body_font_select=&#8221;default&#8221; body_font=&#8221;||||&#8221; body_line_height=&#8221;2em&#8221; body_line_height_tablet=&#8221;2em&#8221; body_line_height_phone=&#8221;2em&#8221;]&nbsp;<\/p>\n<h2><strong>Fase 1<\/strong><\/h2>\n<p>&nbsp;<\/p>\n<p><strong>Qualifica\u00e7\u00e3o: \u2018<\/strong><em>a <strong>APROXIMA\u00c7\u00c3O<\/strong>\u2019<\/em><\/p>\n<p>Complete o nosso processo de sele\u00e7\u00e3o online para ver se tem as qualifica\u00e7\u00f5es adequadas.<\/p>\n<p>Se cumpre TODOS os crit\u00e9rios e est\u00e1 interessado(a) numa carreira de voo, prossiga para a Fase 2.<\/p>\n<p><a class=\" small-button next-tab\">Next \u203a<\/a>[\/et_pb_tab][et_pb_tab title=&#8221;Fase 2&#8243; tab_font_select=&#8221;default&#8221; tab_font=&#8221;||||&#8221; tab_line_height=&#8221;2em&#8221; tab_line_height_tablet=&#8221;2em&#8221; tab_line_height_phone=&#8221;2em&#8221; body_font_select=&#8221;default&#8221; body_font=&#8221;||||&#8221; body_line_height=&#8221;2em&#8221; body_line_height_tablet=&#8221;2em&#8221; body_line_height_phone=&#8221;2em&#8221; background_color=&#8221;#f5f5f5&#8243;]&nbsp;<\/p>\n<h2><strong>Fase 2<\/strong><\/h2>\n<p><strong>Candidatura: \u2018<\/strong><em>o <strong>CHECK-IN<\/strong>\u2019<\/em><\/p>\n<p>Preencha o Formul\u00e1rio de Candidatura Online \u2013 se for avaliado(a) como adequado(a), ser\u00e1 contactado(a) nas 24 horas seguintes e ser-lhe-\u00e1 proposta uma entrevista numa Cidade perto de si.<\/p>\n<p class=\"slogan\">\n<p><a class=\"small-button prev-tab\">\u2039 Prev<\/a><a class=\"small-button next-tab\">Next \u203a<\/a><\/p>\n<p>[\/et_pb_tab][et_pb_tab title=&#8221;Fase 3&#8243; tab_font_select=&#8221;default&#8221; tab_font=&#8221;||||&#8221; tab_line_height=&#8221;2em&#8221; tab_line_height_tablet=&#8221;2em&#8221; tab_line_height_phone=&#8221;2em&#8221; body_font_select=&#8221;default&#8221; body_font=&#8221;||||&#8221; body_line_height=&#8221;2em&#8221; body_line_height_tablet=&#8221;2em&#8221; body_line_height_phone=&#8221;2em&#8221;]&nbsp;<\/p>\n<h2><strong>Fase 3<\/strong><\/h2>\n<p>Todas as semanas s\u00e3o abertos Dias de Recrutamento em toda a Europa \u2013 (consulte a nossa lista \u2013 tentaremos facilitar-lhe o contacto se a sua cidade n\u00e3o constar da lista). Testes escritos completos em Ingl\u00eas, seguidos por uma entrevista da Crewlink (Se tiver quest\u00f5es a colocar, esta ser\u00e1 a altura ideal). Ser\u00e1 contactado(a) nos 5 a 7 dias seguintes para ser informado(a) se foi aceite para forma\u00e7\u00e3o. Se for aceite, poder\u00e1 iniciar o curso de forma\u00e7\u00e3o em internato da Crewlink no Centro de Treino de Hahn (HTC).<\/p>\n<p><a class=\"small-button prev-tab\">\u2039 Prev<\/a><a class=\"small-button next-tab\">Next \u203a<\/a>[\/et_pb_tab][et_pb_tab title=&#8221;Fase 4&#8243; tab_font_select=&#8221;default&#8221; tab_font=&#8221;||||&#8221; tab_line_height=&#8221;2em&#8221; tab_line_height_tablet=&#8221;2em&#8221; tab_line_height_phone=&#8221;2em&#8221; body_font_select=&#8221;default&#8221; body_font=&#8221;||||&#8221; body_line_height=&#8221;2em&#8221; body_line_height_tablet=&#8221;2em&#8221; body_line_height_phone=&#8221;2em&#8221;]&nbsp;<\/p>\n<h2><strong>Fase 4<\/strong><\/h2>\n<p><strong>Curso de Forma\u00e7\u00e3o: \u2018<\/strong><em>as <strong>PR\u00c9-VERIFICA\u00c7\u00d5ES DE VOO<\/strong>\u2019<\/em><\/p>\n<p>&#8211; a sua prepara\u00e7\u00e3o para a \u2018Descolagem\u2019<\/p>\n<p>Este \u00e9 um curso de 6 semanas, a tempo inteiro, em internato, levado a cabo no nosso Centro de Treino especializado.<br \/>\nTudo o que voc\u00ea precisa \u2013 materiais de estudo, manuais, Formador de Bordo, instala\u00e7\u00f5es de treino de emerg\u00eancia, instala\u00e7\u00f5es de catering e acomoda\u00e7\u00f5es confort\u00e1veis \u2013 est\u00e1 tudo dispon\u00edvel no recinto acad\u00e9mico. O Formador de Bordo e as salas de forma\u00e7\u00e3o especializada ficam a 100 metros do seu alojamento pelo que n\u00e3o h\u00e1 qualquer problema com viagens ou transportes. Os funcion\u00e1rios da Crewlink est\u00e3o sempre acess\u00edveis para lhe dar todo o apoio e ajudar no seu sucesso.<\/p>\n<p class=\"slogan\">\n<a class=\"small-button prev-tab\">\u2039 Prev<\/a><a class=\"small-button next-tab\">Next \u203a<\/a><\/p>\n<p>[\/et_pb_tab][et_pb_tab title=&#8221;Fase 5&#8243; tab_font_select=&#8221;default&#8221; tab_font=&#8221;||||&#8221; tab_line_height=&#8221;2em&#8221; tab_line_height_tablet=&#8221;2em&#8221; tab_line_height_phone=&#8221;2em&#8221; body_font_select=&#8221;default&#8221; body_font=&#8221;||||&#8221; body_line_height=&#8221;2em&#8221; body_line_height_tablet=&#8221;2em&#8221; body_line_height_phone=&#8221;2em&#8221;]&nbsp;<\/p>\n<h2><strong>Fase 5<\/strong><\/h2>\n<p><strong>Exames e Qualifica\u00e7\u00e3o: \u2018<\/strong><em>a <strong>AUTORIZA\u00c7\u00c3O\u2019<\/strong><\/em><\/p>\n<p>Todos os testes e exames finais s\u00e3o realizados na HTC. Os resultados s\u00e3o apresentados pelo seu instrutor no mesmo dia \u2013 sem esperas! 96% dos formandos da Crewlink passam! O nosso criterioso processo de sele\u00e7\u00e3o garante-lhe o melhor come\u00e7o.<\/p>\n<p>&nbsp;<\/p>\n<p><strong>Asas para Voar<\/strong><\/p>\n<p>Est\u00e1 na altura de \u2018DESCOLAR\u2019 \u2013 Dia da Gradua\u00e7\u00e3o! Ir\u00e1 receber as suas Asas, o seu Certificado, o seu Uniforme e a sua Base. A Crewlink ir\u00e1 estar consigo no dia da Gradua\u00e7\u00e3o \u2013 o in\u00edcio da sua nova carreira de voo.<\/p>\n<p><a class=\"small-button prev-tab\">\u2039 Prev<\/a>[\/et_pb_tab]<\/p>\n<p>[\/et_pb_tabs][\/et_pb_column][et_pb_column type=&#8221;1_3&#8243;][et_pb_divider admin_label=&#8221;Divider&#8221; color=&#8221;#ffffff&#8221; show_divider=&#8221;off&#8221; disabled=&#8221;off&#8221; disabled_on=&#8221;on|on|&#8221; divider_style=&#8221;solid&#8221; divider_position=&#8221;top&#8221; hide_on_mobile=&#8221;on&#8221;]<\/p>\n<p>[\/et_pb_divider][et_pb_cta admin_label=&#8221;Call To Action&#8221; title=&#8221;Dias de Recrutamento&#8221; url_new_window=&#8221;off&#8221; use_background_color=&#8221;on&#8221; background_color=&#8221;#00adee&#8221; background_layout=&#8221;dark&#8221; text_orientation=&#8221;left&#8221; header_font=&#8221;Montserrat||||&#8221; header_font_size=&#8221;20px&#8221; use_border_color=&#8221;off&#8221; border_color=&#8221;#ffffff&#8221; border_style=&#8221;solid&#8221; custom_padding_tablet=&#8221;0px|||&#8221; custom_padding_last_edited=&#8221;off|desktop&#8221; custom_button=&#8221;off&#8221; button_border_width=&#8221;0&#8243; button_letter_spacing=&#8221;0&#8243; button_use_icon=&#8221;default&#8221; button_icon_placement=&#8221;right&#8221; button_on_hover=&#8221;on&#8221; button_letter_spacing_hover=&#8221;0&#8243; module_class=&#8221;rf_sidebar_button&#8221;]<\/p>\n<p style=\"text-align: left;\"><a href=\"\/?page_id=19\">RECRUITMENT DAYS<\/a><\/p>\n<p>[\/et_pb_cta][et_pb_cta admin_label=&#8221;Call To Action&#8221; title=&#8221;APPLY NOW&#8221; url_new_window=&#8221;off&#8221; use_background_color=&#8221;on&#8221; background_color=&#8221;#00adee&#8221; background_layout=&#8221;dark&#8221; text_orientation=&#8221;left&#8221; header_font=&#8221;Montserrat||||&#8221; header_font_size=&#8221;20px&#8221; use_border_color=&#8221;off&#8221; border_color=&#8221;#ffffff&#8221; border_style=&#8221;solid&#8221; custom_button=&#8221;off&#8221; button_border_width=&#8221;0&#8243; button_letter_spacing=&#8221;0&#8243; button_use_icon=&#8221;default&#8221; button_icon_placement=&#8221;right&#8221; button_on_hover=&#8221;on&#8221; button_letter_spacing_hover=&#8221;0&#8243; module_class=&#8221;rf_sidebar_button&#8221;]<a href=\"\/?page_id=23\">APPLY NOW<\/a><\/p>\n<p>[\/et_pb_cta][\/et_pb_column][\/et_pb_row][\/et_pb_section]<\/p>\n","protected":false},"excerpt":{"rendered":"<p>A DESCOLAGEM &nbsp; Fase 1 &nbsp; Qualifica\u00e7\u00e3o: \u2018a APROXIMA\u00c7\u00c3O\u2019 Complete o nosso processo de sele\u00e7\u00e3o online para ver se tem as qualifica\u00e7\u00f5es adequadas. Se cumpre TODOS os crit\u00e9rios e est\u00e1 interessado(a) numa carreira de voo, prossiga para a Fase 2. Next \u203a&nbsp; Fase 2 Candidatura: \u2018o CHECK-IN\u2019 Preencha o Formul\u00e1rio de Candidatura Online \u2013 se [&hellip;]<\/p>\n","protected":false},"author":1,"featured_media":0,"parent":0,"menu_order":0,"comment_status":"closed","ping_status":"closed","template":"","meta":{"_acf_changed":false,"_et_pb_use_builder":"on","_et_pb_old_content":"","_et_gb_content_width":"","footnotes":""},"class_list":["post-2720","page","type-page","status-publish","hentry"],"acf":[],"_links":{"self":[{"href":"https:\/\/www.crewlink.ie\/pt\/wp-json\/wp\/v2\/pages\/2720","targetHints":{"allow":["GET"]}}],"collection":[{"href":"https:\/\/www.crewlink.ie\/pt\/wp-json\/wp\/v2\/pages"}],"about":[{"href":"https:\/\/www.crewlink.ie\/pt\/wp-json\/wp\/v2\/types\/page"}],"author":[{"embeddable":true,"href":"https:\/\/www.crewlink.ie\/pt\/wp-json\/wp\/v2\/users\/1"}],"replies":[{"embeddable":true,"href":"https:\/\/www.crewlink.ie\/pt\/wp-json\/wp\/v2\/comments?post=2720"}],"version-history":[{"count":0,"href":"https:\/\/www.crewlink.ie\/pt\/wp-json\/wp\/v2\/pages\/2720\/revisions"}],"wp:attachment":[{"href":"https:\/\/www.crewlink.ie\/pt\/wp-json\/wp\/v2\/media?parent=2720"}],"curies":[{"name":"wp","href":"https:\/\/api.w.org\/{rel}","templated":true}]}}