{"id":2006,"date":"2017-01-24T15:07:25","date_gmt":"2017-01-24T15:07:25","guid":{"rendered":"http:\/\/www.crewlink.ie\/about-the-job\/"},"modified":"2017-06-21T10:23:31","modified_gmt":"2017-06-21T10:23:31","slug":"acerca-del-trabajo","status":"publish","type":"page","link":"https:\/\/www.crewlink.ie\/es\/acerca-del-trabajo\/","title":{"rendered":"Acerca del trabajo"},"content":{"rendered":"<p>[et_pb_section admin_label=&#8221;section&#8221; background_image=&#8221;https:\/\/www.crewlink.ie\/wp-content\/uploads\/2017\/01\/ryanair-aircraft-2-copy-1.jpg&#8221; transparent_background=&#8221;off&#8221; allow_player_pause=&#8221;off&#8221; inner_shadow=&#8221;off&#8221; parallax=&#8221;off&#8221; parallax_method=&#8221;off&#8221; make_fullwidth=&#8221;off&#8221; use_custom_width=&#8221;off&#8221; width_unit=&#8221;on&#8221; make_equal=&#8221;off&#8221; use_custom_gutter=&#8221;off&#8221; custom_padding=&#8221;50px|||100px&#8221; custom_padding_tablet=&#8221;20px|||0px&#8221; custom_padding_last_edited=&#8221;on|desktop&#8221;][et_pb_row admin_label=&#8221;row&#8221;][et_pb_column type=&#8221;4_4&#8243;][et_pb_text admin_label=&#8221;Text&#8221; background_layout=&#8221;dark&#8221; text_orientation=&#8221;left&#8221; use_border_color=&#8221;off&#8221; border_color=&#8221;#ffffff&#8221; border_style=&#8221;solid&#8221; custom_padding=&#8221;150px||40px|&#8221; header_text_color=&#8221;#ffffff&#8221; custom_padding_phone=&#8221;150px|||&#8221; custom_padding_last_edited=&#8221;on|phone&#8221;]<\/p>\n<h1><strong>ACERCA DEL TRABAJO<\/strong><\/h1>\n<p>&nbsp;[\/et_pb_text][\/et_pb_column][\/et_pb_row][\/et_pb_section][et_pb_section admin_label=&#8221;section&#8221; transparent_background=&#8221;off&#8221; allow_player_pause=&#8221;off&#8221; inner_shadow=&#8221;off&#8221; parallax=&#8221;off&#8221; parallax_method=&#8221;off&#8221; custom_padding=&#8221;50px|50px||50px&#8221; make_fullwidth=&#8221;off&#8221; use_custom_width=&#8221;off&#8221; width_unit=&#8221;on&#8221; make_equal=&#8221;off&#8221; use_custom_gutter=&#8221;off&#8221; custom_padding_tablet=&#8221;20px|10px||10px&#8221; custom_padding_last_edited=&#8221;on|desktop&#8221;][et_pb_row admin_label=&#8221;row&#8221;][et_pb_column type=&#8221;4_4&#8243;][et_pb_gallery admin_label=&#8221;Gallery&#8221; gallery_ids=&#8221;289,288,285,1820&#8243; fullwidth=&#8221;off&#8221; show_title_and_caption=&#8221;off&#8221; show_pagination=&#8221;off&#8221; background_layout=&#8221;light&#8221; auto=&#8221;on&#8221; hover_overlay_color=&#8221;rgba(255,255,255,0.9)&#8221; use_border_color=&#8221;off&#8221; border_color=&#8221;#ffffff&#8221; border_style=&#8221;solid&#8221; orientation=&#8221;landscape&#8221;] [\/et_pb_gallery][\/et_pb_column][\/et_pb_row][\/et_pb_section][et_pb_section admin_label=&#8221;Section&#8221; fullwidth=&#8221;off&#8221; specialty=&#8221;off&#8221; transparent_background=&#8221;off&#8221; allow_player_pause=&#8221;off&#8221; inner_shadow=&#8221;off&#8221; parallax=&#8221;off&#8221; parallax_method=&#8221;off&#8221; custom_padding=&#8221;5px|100px|40px|100px&#8221; make_fullwidth=&#8221;off&#8221; use_custom_width=&#8221;off&#8221; width_unit=&#8221;on&#8221; make_equal=&#8221;off&#8221; use_custom_gutter=&#8221;off&#8221; custom_padding_tablet=&#8221;20px|10px||10px&#8221; custom_padding_last_edited=&#8221;on|desktop&#8221;][et_pb_row admin_label=&#8221;Row&#8221;][et_pb_column type=&#8221;2_3&#8243;][et_pb_text admin_label=&#8221;Text&#8221; background_layout=&#8221;light&#8221; text_orientation=&#8221;left&#8221; use_border_color=&#8221;off&#8221; border_color=&#8221;#ffffff&#8221; border_style=&#8221;solid&#8221;]<em>\u00bfQu\u00e9 ventajas tiene ser personal de cabina a tiempo completo?<\/em><\/p>\n<ul>\n<li>Un contrato fijo garantizado de tres a\u00f1o<em>s <\/em>con <strong>Crewlink<\/strong>, que est\u00e1n contratados para proporcionar personal de cabina a<\/li>\n<li>Sin noches programadas \u2013 Ryanair te devuelve a tu base todos los d\u00edas \u2018a tiempo\u2019<\/li>\n<li>Los turnos son de 5\/3 \u2013 5\/3 \u2013 5 d\u00edas de trabajo, 3 de descanso seguidos de 5 d\u00edas de trabajo y 3 de descanso.<\/li>\n<li>Generosos beneficios de viaje desde el primer d\u00eda, teniendo la oportunidad de viajar al extranjero en sus d\u00edas libres. \u00bfRoma para comer? \u00bfO a esquiar en Austria?<\/li>\n<li>Un salario competitivo en funci\u00f3n de donde est\u00e9 basado dentro de la red de Ryanair.<\/li>\n<li>Una \u2018prestaci\u00f3n a nuevas incorporaciones\u2019 \u2013 recibir\u00e1 1200\u20ac extra durante los primeros 6 meses al inicio de su nueva trayectoria profesional.<\/li>\n<li>Fant\u00e1sticas oportunidades de ascenso: si es un miembro competente del personal, tendr\u00e1 la posibilidad de ser contratado directamente por Ryanair y, a partir de los 12 meses, ser candidato a un ascenso como Supervisor de Atenci\u00f3n al Cliente, ganando una cantidad de m\u00e1s de 30.000\u20ac brutos al a\u00f1o. Un ascenso a Supervisor de Atenci\u00f3n al Cliente conlleva:<\/li>\n<li>Aumento de responsabilidades, ya que gestionara un equipo de otros tres miembros del personal de cabina en cada vuelo.<\/li>\n<li>Aumento de sueldo \u2013 los Supervisores de Ryanair basados en Irlanda y Reino Unido ganan aproximadamente 25.000\u00a3\/30.000\u00a3 brutos al a\u00f1o.<\/li>\n<li>Aumento de beneficios de viaje para miembros del personal (incluidos descuentos en viajes con otras compa\u00f1\u00edas).<\/li>\n<\/ul>\n<p>&nbsp;[\/et_pb_text][\/et_pb_column][et_pb_column type=&#8221;1_3&#8243;][et_pb_divider admin_label=&#8221;Divider&#8221; color=&#8221;#ffffff&#8221; show_divider=&#8221;off&#8221; height=&#8221;20&#8243; divider_style=&#8221;solid&#8221; divider_position=&#8221;top&#8221; hide_on_mobile=&#8221;on&#8221;] [\/et_pb_divider][et_pb_cta admin_label=&#8221;Call To Action&#8221; title=&#8221;RECRUITMENT DAYS&#8221; url_new_window=&#8221;off&#8221; use_background_color=&#8221;on&#8221; background_color=&#8221;#00adee&#8221; background_layout=&#8221;dark&#8221; text_orientation=&#8221;left&#8221; header_font=&#8221;Montserrat||||&#8221; header_font_size=&#8221;20px&#8221; use_border_color=&#8221;off&#8221; border_color=&#8221;#ffffff&#8221; border_style=&#8221;solid&#8221; custom_padding_tablet=&#8221;0px|||&#8221; custom_padding_last_edited=&#8221;off|desktop&#8221; custom_button=&#8221;off&#8221; button_border_width=&#8221;0&#8243; button_letter_spacing=&#8221;0&#8243; button_use_icon=&#8221;default&#8221; button_icon_placement=&#8221;right&#8221; button_on_hover=&#8221;on&#8221; button_letter_spacing_hover=&#8221;0&#8243; module_class=&#8221;rf_sidebar_button&#8221;]<a href=\"https:\/\/www.crewlink.ie\/es\/recruitment-days\/\">RECRUITMENT<br \/>\nDAYS<\/a><\/p>\n<p>[\/et_pb_cta][et_pb_cta admin_label=&#8221;Call To Action&#8221; title=&#8221;APPLY NOW&#8221; url_new_window=&#8221;off&#8221; use_background_color=&#8221;on&#8221; background_color=&#8221;#00adee&#8221; background_layout=&#8221;dark&#8221; text_orientation=&#8221;left&#8221; header_font=&#8221;Montserrat||||&#8221; header_font_size=&#8221;20px&#8221; use_border_color=&#8221;off&#8221; border_color=&#8221;#ffffff&#8221; border_style=&#8221;solid&#8221; custom_button=&#8221;off&#8221; button_border_width=&#8221;0&#8243; button_letter_spacing=&#8221;0&#8243; button_use_icon=&#8221;default&#8221; button_icon_placement=&#8221;right&#8221; button_on_hover=&#8221;on&#8221; button_letter_spacing_hover=&#8221;0&#8243; module_class=&#8221;rf_sidebar_button&#8221;]<a href=\"https:\/\/www.crewlink.ie\/es\/apply-now\/\">APPLY<br \/>\nNOW<\/a><\/p>\n<p>[\/et_pb_cta][\/et_pb_column][\/et_pb_row][\/et_pb_section]<\/p>\n","protected":false},"excerpt":{"rendered":"<p>ACERCA DEL TRABAJO &nbsp; \u00bfQu\u00e9 ventajas tiene ser personal de cabina a tiempo completo? Un contrato fijo garantizado de tres a\u00f1os con Crewlink, que est\u00e1n contratados para proporcionar personal de cabina a Sin noches programadas \u2013 Ryanair te devuelve a tu base todos los d\u00edas \u2018a tiempo\u2019 Los turnos son de 5\/3 \u2013 5\/3 \u2013 [&hellip;]<\/p>\n","protected":false},"author":1,"featured_media":0,"parent":0,"menu_order":0,"comment_status":"closed","ping_status":"closed","template":"","meta":{"_acf_changed":false,"_et_pb_use_builder":"on","_et_pb_old_content":"","_et_gb_content_width":"","footnotes":""},"class_list":["post-2006","page","type-page","status-publish","hentry"],"acf":[],"_links":{"self":[{"href":"https:\/\/www.crewlink.ie\/es\/wp-json\/wp\/v2\/pages\/2006","targetHints":{"allow":["GET"]}}],"collection":[{"href":"https:\/\/www.crewlink.ie\/es\/wp-json\/wp\/v2\/pages"}],"about":[{"href":"https:\/\/www.crewlink.ie\/es\/wp-json\/wp\/v2\/types\/page"}],"author":[{"embeddable":true,"href":"https:\/\/www.crewlink.ie\/es\/wp-json\/wp\/v2\/users\/1"}],"replies":[{"embeddable":true,"href":"https:\/\/www.crewlink.ie\/es\/wp-json\/wp\/v2\/comments?post=2006"}],"version-history":[{"count":0,"href":"https:\/\/www.crewlink.ie\/es\/wp-json\/wp\/v2\/pages\/2006\/revisions"}],"wp:attachment":[{"href":"https:\/\/www.crewlink.ie\/es\/wp-json\/wp\/v2\/media?parent=2006"}],"curies":[{"name":"wp","href":"https:\/\/api.w.org\/{rel}","templated":true}]}}